{"id":705,"date":"2017-09-18T10:46:12","date_gmt":"2017-09-18T10:46:12","guid":{"rendered":"http:\/\/www.olivierdarock.com\/photography\/?page_id=705"},"modified":"2018-12-29T12:02:38","modified_gmt":"2018-12-29T11:02:38","slug":"photographe-professionnel","status":"publish","type":"page","link":"https:\/\/www.olivierdarock.com\/photography\/photographe-professionnel\/","title":{"rendered":"About me"},"content":{"rendered":"<p>[vc_row][vc_column width=\u00a0\u00bb1\/2&Prime;][vc_single_image image=\u00a0\u00bb5079&Prime; img_size=\u00a0\u00bblarge\u00a0\u00bb onclick=\u00a0\u00bbcustom_link\u00a0\u00bb img_link_target=\u00a0\u00bb_blank\u00a0\u00bb css_animation=\u00a0\u00bbfadeInLeft\u00a0\u00bb link=\u00a0\u00bbhttp:\/\/www.facebook.com\/olivierdarockphotography\u00a0\u00bb][\/vc_column][vc_column width=\u00a0\u00bb1\/2&Prime;][vc_column_text]<\/p>\n<h2>Photographe &amp; <a href=\"https:\/\/www.olivierdarock.com\/photography\/graphiste-freelance-montpellier\/\">GRAPHISTE FREELANCE<\/a><\/h2>\n<p class=\"vc_custom_heading\">Mon style est une combinaison entre le photojournalisme et la photographie d\u2019art avec une touche de mode et d\u2019\u00e9clairage cr\u00e9atif. Mes <a href=\"https:\/\/www.olivierdarock.com\/photography\/home-2\/\">photos<\/a> s\u2019inspirent de la lumi\u00e8re, de la couleur, des techniques du traitement noir et blanc, des photos d\u2019\u00e9poque, de la perspective cr\u00e9ative et, bien s\u00fbr, de la personnalit\u00e9 de chaque personne que je photographie !<\/p>\n<p>[\/vc_column_text][\/vc_column][\/vc_row][vc_row][vc_column css_animation=\u00a0\u00bbfadeIn\u00a0\u00bb css=\u00a0\u00bb.vc_custom_1506084142423{padding-top: 40px !important;}\u00a0\u00bb][vc_custom_heading text=\u00a0\u00bbPourquoi moi?\u00a0\u00bb font_container=\u00a0\u00bbtag:h3|text_align:center\u00a0\u00bb use_theme_fonts=\u00a0\u00bbyes\u00a0\u00bb decor_line=\u00a0\u00bbon\u00a0\u00bb][vc_row_inner equal_height=\u00a0\u00bbyes\u00a0\u00bb][vc_column_inner width=\u00a0\u00bb1\/3&Prime; css=\u00a0\u00bb.vc_custom_1505483962485{margin-bottom: 35px !important;}\u00a0\u00bb][vc_icon icon_fontawesome=\u00a0\u00bbfa fa-lightbulb-o\u00a0\u00bb color=\u00a0\u00bbcustom\u00a0\u00bb background_style=\u00a0\u00bbrounded-outline\u00a0\u00bb background_color=\u00a0\u00bbcustom\u00a0\u00bb align=\u00a0\u00bbcenter\u00a0\u00bb custom_background_color=\u00a0\u00bb#c48f56&Prime;][vc_column_text]<\/p>\n<h6 style=\"text-align: center;\"><span style=\"text-transform: uppercase;\">light composure<\/span><\/h6>\n<p>[\/vc_column_text][\/vc_column_inner][vc_column_inner width=\u00a0\u00bb1\/3&Prime; css=\u00a0\u00bb.vc_custom_1505483969540{margin-bottom: 35px !important;}\u00a0\u00bb][vc_icon icon_fontawesome=\u00a0\u00bbfa fa-handshake-o\u00a0\u00bb color=\u00a0\u00bbcustom\u00a0\u00bb background_style=\u00a0\u00bbrounded-outline\u00a0\u00bb background_color=\u00a0\u00bbcustom\u00a0\u00bb align=\u00a0\u00bbcenter\u00a0\u00bb custom_background_color=\u00a0\u00bb#c48f56&Prime;][vc_column_text]<\/p>\n<h6 style=\"text-align: center;\"><span style=\"text-transform: uppercase;\">EXPERIENCE PROFESSIONNELLe<\/span><\/h6>\n<p>[\/vc_column_text][\/vc_column_inner][vc_column_inner width=\u00a0\u00bb1\/3&Prime; css=\u00a0\u00bb.vc_custom_1505483974400{margin-bottom: 35px !important;}\u00a0\u00bb][vc_icon icon_fontawesome=\u00a0\u00bbfa fa-camera\u00a0\u00bb color=\u00a0\u00bbcustom\u00a0\u00bb background_style=\u00a0\u00bbrounded-outline\u00a0\u00bb background_color=\u00a0\u00bbcustom\u00a0\u00bb align=\u00a0\u00bbcenter\u00a0\u00bb custom_background_color=\u00a0\u00bb#c48f56&Prime;][vc_column_text]<\/p>\n<h6 style=\"text-align: center;\"><span style=\"text-transform: uppercase;\">EQUIPEMENT PROFESSIONNEL<\/span><\/h6>\n<p>[\/vc_column_text][\/vc_column_inner][vc_column_inner width=\u00a0\u00bb1\/3&Prime; css=\u00a0\u00bb.vc_custom_1505483979333{margin-bottom: 35px !important;}\u00a0\u00bb][vc_icon icon_fontawesome=\u00a0\u00bbfa fa-desktop\u00a0\u00bb color=\u00a0\u00bbcustom\u00a0\u00bb background_style=\u00a0\u00bbrounded-outline\u00a0\u00bb background_color=\u00a0\u00bbcustom\u00a0\u00bb align=\u00a0\u00bbcenter\u00a0\u00bb custom_background_color=\u00a0\u00bb#c48f56&Prime;][vc_column_text]<\/p>\n<h6 style=\"text-align: center;\"><span style=\"text-transform: uppercase;\">ultra hd<\/span><\/h6>\n<p>[\/vc_column_text][\/vc_column_inner][vc_column_inner width=\u00a0\u00bb1\/3&Prime; css=\u00a0\u00bb.vc_custom_1505483984191{margin-bottom: 35px !important;}\u00a0\u00bb][vc_icon icon_fontawesome=\u00a0\u00bbfa fa-eye\u00a0\u00bb color=\u00a0\u00bbcustom\u00a0\u00bb background_style=\u00a0\u00bbrounded-outline\u00a0\u00bb background_color=\u00a0\u00bbcustom\u00a0\u00bb align=\u00a0\u00bbcenter\u00a0\u00bb custom_background_color=\u00a0\u00bb#c48f56&Prime;][vc_column_text]<\/p>\n<h6 style=\"text-align: center;\"><span style=\"text-transform: uppercase;\">VISION UNIQUE<\/span><\/h6>\n<p>[\/vc_column_text][\/vc_column_inner][vc_column_inner width=\u00a0\u00bb1\/3&Prime; css=\u00a0\u00bb.vc_custom_1505483989290{margin-bottom: 35px !important;}\u00a0\u00bb][vc_icon icon_fontawesome=\u00a0\u00bbfa fa-bookmark-o\u00a0\u00bb color=\u00a0\u00bbcustom\u00a0\u00bb background_style=\u00a0\u00bbrounded-outline\u00a0\u00bb background_color=\u00a0\u00bbcustom\u00a0\u00bb align=\u00a0\u00bbcenter\u00a0\u00bb custom_background_color=\u00a0\u00bb#c48f56&Prime;][vc_column_text]<\/p>\n<h6 style=\"text-align: center;\"><span style=\"text-transform: uppercase;\">Connaissances<\/span><\/h6>\n<p>[\/vc_column_text][\/vc_column_inner][\/vc_row_inner][\/vc_column][\/vc_row]<\/p>\n","protected":false},"excerpt":{"rendered":"<p>[vc_row][vc_column width=\u00a0\u00bb1\/2&Prime;][vc_single_image image=\u00a0\u00bb5079&Prime; img_size=\u00a0\u00bblarge\u00a0\u00bb onclick=\u00a0\u00bbcustom_link\u00a0\u00bb img_link_target=\u00a0\u00bb_blank\u00a0\u00bb css_animation=\u00a0\u00bbfadeInLeft\u00a0\u00bb link=\u00a0\u00bbhttp:\/\/www.facebook.com\/olivierdarockphotography\u00a0\u00bb][\/vc_column][vc_column width=\u00a0\u00bb1\/2&Prime;][vc_column_text] Photographe &amp; GRAPHISTE FREELANCE Mon style est une combinaison entre le photojournalisme et la photographie d\u2019art avec une touche de mode et d\u2019\u00e9clairage cr\u00e9atif. Mes photos s\u2019inspirent de la lumi\u00e8re, de la couleur, des techniques du traitement noir et blanc, des photos d\u2019\u00e9poque, de la perspective [&hellip;]<\/p>\n","protected":false},"author":1,"featured_media":5079,"parent":0,"menu_order":0,"comment_status":"closed","ping_status":"closed","template":"template-fullwidth.php","meta":{"footnotes":""},"class_list":["post-705","page","type-page","status-publish","has-post-thumbnail","hentry"],"acf":[],"yoast_head":"<!-- This site is optimized with the Yoast SEO plugin v20.2.1 - https:\/\/yoast.com\/wordpress\/plugins\/seo\/ -->\n<title>Photographe Professionnel \u00e0 Montpellier : Mariage - Entreprise &amp; Portrait<\/title>\n<meta name=\"description\" content=\"Photographe professionnel. Mon style est une combinaison entre le photojournalisme et la photographie d\u2019art avec une touche de mode et d\u2019\u00e9clairage cr\u00e9atif. Photographe Olivier Darock\" \/>\n<meta name=\"robots\" content=\"index, follow, max-snippet:-1, max-image-preview:large, max-video-preview:-1\" \/>\n<link rel=\"canonical\" href=\"https:\/\/www.olivierdarock.com\/photography\/photographe-professionnel\/\" \/>\n<meta property=\"og:locale\" content=\"fr_FR\" \/>\n<meta property=\"og:type\" content=\"article\" \/>\n<meta property=\"og:title\" content=\"Photographe Professionnel \u00e0 Montpellier : Mariage - Entreprise &amp; Portrait\" \/>\n<meta property=\"og:description\" content=\"Photographe professionnel. Mon style est une combinaison entre le photojournalisme et la photographie d\u2019art avec une touche de mode et d\u2019\u00e9clairage cr\u00e9atif. Photographe Olivier Darock\" \/>\n<meta property=\"og:url\" content=\"https:\/\/www.olivierdarock.com\/photography\/photographe-professionnel\/\" \/>\n<meta property=\"og:site_name\" content=\"Photographe \/ Graphiste Freelance Montpellier\" \/>\n<meta property=\"article:publisher\" content=\"http:\/\/www.facebook.com\/olivierdarockphotography\" \/>\n<meta property=\"article:modified_time\" content=\"2018-12-29T11:02:38+00:00\" \/>\n<meta property=\"og:image\" content=\"https:\/\/www.olivierdarock.com\/photography\/wp-content\/uploads\/2018\/11\/Olivier-Darock-Photographe-Montpellier.jpg\" \/>\n\t<meta property=\"og:image:width\" content=\"2048\" \/>\n\t<meta property=\"og:image:height\" content=\"2048\" \/>\n\t<meta property=\"og:image:type\" content=\"image\/jpeg\" \/>\n<meta name=\"twitter:card\" content=\"summary_large_image\" \/>\n<meta name=\"twitter:label1\" content=\"Dur\u00e9e de lecture estim\u00e9e\" \/>\n\t<meta name=\"twitter:data1\" content=\"2 minutes\" \/>\n<script type=\"application\/ld+json\" class=\"yoast-schema-graph\">{\"@context\":\"https:\/\/schema.org\",\"@graph\":[{\"@type\":\"WebPage\",\"@id\":\"https:\/\/www.olivierdarock.com\/photography\/photographe-professionnel\/\",\"url\":\"https:\/\/www.olivierdarock.com\/photography\/photographe-professionnel\/\",\"name\":\"Photographe Professionnel \u00e0 Montpellier : Mariage - Entreprise & Portrait\",\"isPartOf\":{\"@id\":\"https:\/\/www.olivierdarock.com\/photography\/#website\"},\"datePublished\":\"2017-09-18T10:46:12+00:00\",\"dateModified\":\"2018-12-29T11:02:38+00:00\",\"description\":\"Photographe professionnel. Mon style est une combinaison entre le photojournalisme et la photographie d\u2019art avec une touche de mode et d\u2019\u00e9clairage cr\u00e9atif. Photographe Olivier Darock\",\"breadcrumb\":{\"@id\":\"https:\/\/www.olivierdarock.com\/photography\/photographe-professionnel\/#breadcrumb\"},\"inLanguage\":\"fr-FR\",\"potentialAction\":[{\"@type\":\"ReadAction\",\"target\":[\"https:\/\/www.olivierdarock.com\/photography\/photographe-professionnel\/\"]}]},{\"@type\":\"BreadcrumbList\",\"@id\":\"https:\/\/www.olivierdarock.com\/photography\/photographe-professionnel\/#breadcrumb\",\"itemListElement\":[{\"@type\":\"ListItem\",\"position\":1,\"name\":\"Accueil\",\"item\":\"https:\/\/www.olivierdarock.com\/photography\/\"},{\"@type\":\"ListItem\",\"position\":2,\"name\":\"About me\"}]},{\"@type\":\"WebSite\",\"@id\":\"https:\/\/www.olivierdarock.com\/photography\/#website\",\"url\":\"https:\/\/www.olivierdarock.com\/photography\/\",\"name\":\"Photographe \/ Graphiste Freelance Montpellier\",\"description\":\"Photographe \/ Graphiste Freelance Montpellier\",\"potentialAction\":[{\"@type\":\"SearchAction\",\"target\":{\"@type\":\"EntryPoint\",\"urlTemplate\":\"https:\/\/www.olivierdarock.com\/photography\/?s={search_term_string}\"},\"query-input\":\"required name=search_term_string\"}],\"inLanguage\":\"fr-FR\"}]}<\/script>\n<!-- \/ Yoast SEO plugin. -->","yoast_head_json":{"title":"Photographe Professionnel \u00e0 Montpellier : Mariage - Entreprise & Portrait","description":"Photographe professionnel. Mon style est une combinaison entre le photojournalisme et la photographie d\u2019art avec une touche de mode et d\u2019\u00e9clairage cr\u00e9atif. Photographe Olivier Darock","robots":{"index":"index","follow":"follow","max-snippet":"max-snippet:-1","max-image-preview":"max-image-preview:large","max-video-preview":"max-video-preview:-1"},"canonical":"https:\/\/www.olivierdarock.com\/photography\/photographe-professionnel\/","og_locale":"fr_FR","og_type":"article","og_title":"Photographe Professionnel \u00e0 Montpellier : Mariage - Entreprise & Portrait","og_description":"Photographe professionnel. Mon style est une combinaison entre le photojournalisme et la photographie d\u2019art avec une touche de mode et d\u2019\u00e9clairage cr\u00e9atif. Photographe Olivier Darock","og_url":"https:\/\/www.olivierdarock.com\/photography\/photographe-professionnel\/","og_site_name":"Photographe \/ Graphiste Freelance Montpellier","article_publisher":"http:\/\/www.facebook.com\/olivierdarockphotography","article_modified_time":"2018-12-29T11:02:38+00:00","og_image":[{"width":2048,"height":2048,"url":"https:\/\/www.olivierdarock.com\/photography\/wp-content\/uploads\/2018\/11\/Olivier-Darock-Photographe-Montpellier.jpg","type":"image\/jpeg"}],"twitter_card":"summary_large_image","twitter_misc":{"Dur\u00e9e de lecture estim\u00e9e":"2 minutes"},"schema":{"@context":"https:\/\/schema.org","@graph":[{"@type":"WebPage","@id":"https:\/\/www.olivierdarock.com\/photography\/photographe-professionnel\/","url":"https:\/\/www.olivierdarock.com\/photography\/photographe-professionnel\/","name":"Photographe Professionnel \u00e0 Montpellier : Mariage - Entreprise & Portrait","isPartOf":{"@id":"https:\/\/www.olivierdarock.com\/photography\/#website"},"datePublished":"2017-09-18T10:46:12+00:00","dateModified":"2018-12-29T11:02:38+00:00","description":"Photographe professionnel. Mon style est une combinaison entre le photojournalisme et la photographie d\u2019art avec une touche de mode et d\u2019\u00e9clairage cr\u00e9atif. Photographe Olivier Darock","breadcrumb":{"@id":"https:\/\/www.olivierdarock.com\/photography\/photographe-professionnel\/#breadcrumb"},"inLanguage":"fr-FR","potentialAction":[{"@type":"ReadAction","target":["https:\/\/www.olivierdarock.com\/photography\/photographe-professionnel\/"]}]},{"@type":"BreadcrumbList","@id":"https:\/\/www.olivierdarock.com\/photography\/photographe-professionnel\/#breadcrumb","itemListElement":[{"@type":"ListItem","position":1,"name":"Accueil","item":"https:\/\/www.olivierdarock.com\/photography\/"},{"@type":"ListItem","position":2,"name":"About me"}]},{"@type":"WebSite","@id":"https:\/\/www.olivierdarock.com\/photography\/#website","url":"https:\/\/www.olivierdarock.com\/photography\/","name":"Photographe \/ Graphiste Freelance Montpellier","description":"Photographe \/ Graphiste Freelance Montpellier","potentialAction":[{"@type":"SearchAction","target":{"@type":"EntryPoint","urlTemplate":"https:\/\/www.olivierdarock.com\/photography\/?s={search_term_string}"},"query-input":"required name=search_term_string"}],"inLanguage":"fr-FR"}]}},"amp_enabled":false,"_links":{"self":[{"href":"https:\/\/www.olivierdarock.com\/photography\/wp-json\/wp\/v2\/pages\/705","targetHints":{"allow":["GET"]}}],"collection":[{"href":"https:\/\/www.olivierdarock.com\/photography\/wp-json\/wp\/v2\/pages"}],"about":[{"href":"https:\/\/www.olivierdarock.com\/photography\/wp-json\/wp\/v2\/types\/page"}],"author":[{"embeddable":true,"href":"https:\/\/www.olivierdarock.com\/photography\/wp-json\/wp\/v2\/users\/1"}],"replies":[{"embeddable":true,"href":"https:\/\/www.olivierdarock.com\/photography\/wp-json\/wp\/v2\/comments?post=705"}],"version-history":[{"count":4,"href":"https:\/\/www.olivierdarock.com\/photography\/wp-json\/wp\/v2\/pages\/705\/revisions"}],"predecessor-version":[{"id":5233,"href":"https:\/\/www.olivierdarock.com\/photography\/wp-json\/wp\/v2\/pages\/705\/revisions\/5233"}],"wp:featuredmedia":[{"embeddable":true,"href":"https:\/\/www.olivierdarock.com\/photography\/wp-json\/wp\/v2\/media\/5079"}],"wp:attachment":[{"href":"https:\/\/www.olivierdarock.com\/photography\/wp-json\/wp\/v2\/media?parent=705"}],"curies":[{"name":"wp","href":"https:\/\/api.w.org\/{rel}","templated":true}]}}