{"id":5210,"date":"2018-12-29T11:44:22","date_gmt":"2018-12-29T10:44:22","guid":{"rendered":"https:\/\/www.olivierdarock.com\/photography\/?page_id=5210"},"modified":"2021-02-10T17:03:21","modified_gmt":"2021-02-10T16:03:21","slug":"graphiste-freelance-montpellier","status":"publish","type":"page","link":"https:\/\/www.olivierdarock.com\/photography\/graphiste-freelance-montpellier\/","title":{"rendered":"Graphiste Freelance Montpellier"},"content":{"rendered":"<p>[vc_row][vc_column][vc_column_text]<\/p>\n<h2>Graphiste FREELANCE \u00e0 Montpellier<\/h2>\n<p><b>Graphiste freelance<\/b>\u00a0en r\u00e9gion Occitanie,<br \/>\nje d\u00e9finie avec vous vos besoins et ses solutions.\u00a0 Je mets en image votre\u00a0<strong>communication graphique<\/strong>\u00a0de A \u00e0 Z,\u00a0dans des\u00a0<strong>designs<\/strong>\u00a0\u00e9l\u00e9gants et des visuels\u00a0de qualit\u00e9.<\/p>\n<p>Cr\u00e9ation d\u2019affiche publicitaire, de logotype, d\u2019identit\u00e9 visuelle, d\u00e9pliant, brochure, <a href=\"https:\/\/www.olivierdarock.com\/photography\/photographe-entreprise-montpellier\/\">photographie<\/a>, affiche institutionnel, logotype institutionnel, flyer, ex\u00e9cution de mise en page\u2026<\/p>\n<p>N\u2019h\u00e9sitez pas \u00e0 me contacter ; selon vos besoins, je vous conseille, propose et cr\u00e9e votre communication visuelle<\/p>\n<p><em>Je Fa\u00e7onne \u00c0 Votre Image Votre Moyen De Communiquer.<\/em>[\/vc_column_text][\/vc_column][\/vc_row][vc_row][vc_column][vc_masonry_media_grid style=\u00a0\u00bblazy\u00a0\u00bb grid_id=\u00a0\u00bbvc_gid:1612972984607-6b8581c2-df9b-9&Prime; include=\u00a0\u00bb5212,5213,5214,5215,5216,5217,5218,5220,5221,5222,5223,5224,5225,5226,5227&Prime;][\/vc_column][\/vc_row]<\/p>\n","protected":false},"excerpt":{"rendered":"<p>[vc_row][vc_column][vc_column_text] Graphiste FREELANCE \u00e0 Montpellier Graphiste freelance\u00a0en r\u00e9gion Occitanie, je d\u00e9finie avec vous vos besoins et ses solutions.\u00a0 Je mets en image votre\u00a0communication graphique\u00a0de A \u00e0 Z,\u00a0dans des\u00a0designs\u00a0\u00e9l\u00e9gants et des visuels\u00a0de qualit\u00e9. Cr\u00e9ation d\u2019affiche publicitaire, de logotype, d\u2019identit\u00e9 visuelle, d\u00e9pliant, brochure, photographie, affiche institutionnel, logotype institutionnel, flyer, ex\u00e9cution de mise en page\u2026 N\u2019h\u00e9sitez pas \u00e0 [&hellip;]<\/p>\n","protected":false},"author":1,"featured_media":0,"parent":0,"menu_order":0,"comment_status":"closed","ping_status":"closed","template":"","meta":{"footnotes":""},"class_list":["post-5210","page","type-page","status-publish","hentry"],"acf":[],"yoast_head":"<!-- This site is optimized with the Yoast SEO plugin v20.2.1 - https:\/\/yoast.com\/wordpress\/plugins\/seo\/ -->\n<title>Graphiste Freelance Montpellier - Occitanie<\/title>\n<meta name=\"description\" content=\"Graphiste freelance \u00e0 Montpellier je r\u00e9alise : carte de visite, logo, flyer, papeterie, plaquette commerciale, brochure, signal\u00e9tique...\" \/>\n<meta name=\"robots\" content=\"index, follow, max-snippet:-1, max-image-preview:large, max-video-preview:-1\" \/>\n<link rel=\"canonical\" href=\"https:\/\/www.olivierdarock.com\/photography\/graphiste-freelance-montpellier\/\" \/>\n<meta property=\"og:locale\" content=\"fr_FR\" \/>\n<meta property=\"og:type\" content=\"article\" \/>\n<meta property=\"og:title\" content=\"Graphiste Freelance Montpellier - Occitanie\" \/>\n<meta property=\"og:description\" content=\"Graphiste freelance \u00e0 Montpellier je r\u00e9alise : carte de visite, logo, flyer, papeterie, plaquette commerciale, brochure, signal\u00e9tique...\" \/>\n<meta property=\"og:url\" content=\"https:\/\/www.olivierdarock.com\/photography\/graphiste-freelance-montpellier\/\" \/>\n<meta property=\"og:site_name\" content=\"Photographe \/ Graphiste Freelance Montpellier\" \/>\n<meta property=\"article:publisher\" content=\"http:\/\/www.facebook.com\/olivierdarockphotography\" \/>\n<meta property=\"article:modified_time\" content=\"2021-02-10T16:03:21+00:00\" \/>\n<meta property=\"og:image\" content=\"https:\/\/www.olivierdarock.com\/photography\/wp-content\/uploads\/2018\/09\/mariage-aurelie-christophe-mairie-eglise-villeneuve-les-maguelone.jpg\" \/>\n\t<meta property=\"og:image:width\" content=\"2000\" \/>\n\t<meta property=\"og:image:height\" content=\"1335\" \/>\n\t<meta property=\"og:image:type\" content=\"image\/jpeg\" \/>\n<meta name=\"twitter:card\" content=\"summary_large_image\" \/>\n<meta name=\"twitter:label1\" content=\"Dur\u00e9e de lecture estim\u00e9e\" \/>\n\t<meta name=\"twitter:data1\" content=\"1 minute\" \/>\n<script type=\"application\/ld+json\" class=\"yoast-schema-graph\">{\"@context\":\"https:\/\/schema.org\",\"@graph\":[{\"@type\":\"WebPage\",\"@id\":\"https:\/\/www.olivierdarock.com\/photography\/graphiste-freelance-montpellier\/\",\"url\":\"https:\/\/www.olivierdarock.com\/photography\/graphiste-freelance-montpellier\/\",\"name\":\"Graphiste Freelance Montpellier - Occitanie\",\"isPartOf\":{\"@id\":\"https:\/\/www.olivierdarock.com\/photography\/#website\"},\"datePublished\":\"2018-12-29T10:44:22+00:00\",\"dateModified\":\"2021-02-10T16:03:21+00:00\",\"description\":\"Graphiste freelance \u00e0 Montpellier je r\u00e9alise : carte de visite, logo, flyer, papeterie, plaquette commerciale, brochure, signal\u00e9tique...\",\"breadcrumb\":{\"@id\":\"https:\/\/www.olivierdarock.com\/photography\/graphiste-freelance-montpellier\/#breadcrumb\"},\"inLanguage\":\"fr-FR\",\"potentialAction\":[{\"@type\":\"ReadAction\",\"target\":[\"https:\/\/www.olivierdarock.com\/photography\/graphiste-freelance-montpellier\/\"]}]},{\"@type\":\"BreadcrumbList\",\"@id\":\"https:\/\/www.olivierdarock.com\/photography\/graphiste-freelance-montpellier\/#breadcrumb\",\"itemListElement\":[{\"@type\":\"ListItem\",\"position\":1,\"name\":\"Accueil\",\"item\":\"https:\/\/www.olivierdarock.com\/photography\/\"},{\"@type\":\"ListItem\",\"position\":2,\"name\":\"Graphiste Freelance Montpellier\"}]},{\"@type\":\"WebSite\",\"@id\":\"https:\/\/www.olivierdarock.com\/photography\/#website\",\"url\":\"https:\/\/www.olivierdarock.com\/photography\/\",\"name\":\"Photographe \/ Graphiste Freelance Montpellier\",\"description\":\"Photographe \/ Graphiste Freelance Montpellier\",\"potentialAction\":[{\"@type\":\"SearchAction\",\"target\":{\"@type\":\"EntryPoint\",\"urlTemplate\":\"https:\/\/www.olivierdarock.com\/photography\/?s={search_term_string}\"},\"query-input\":\"required name=search_term_string\"}],\"inLanguage\":\"fr-FR\"}]}<\/script>\n<!-- \/ Yoast SEO plugin. -->","yoast_head_json":{"title":"Graphiste Freelance Montpellier - Occitanie","description":"Graphiste freelance \u00e0 Montpellier je r\u00e9alise : carte de visite, logo, flyer, papeterie, plaquette commerciale, brochure, signal\u00e9tique...","robots":{"index":"index","follow":"follow","max-snippet":"max-snippet:-1","max-image-preview":"max-image-preview:large","max-video-preview":"max-video-preview:-1"},"canonical":"https:\/\/www.olivierdarock.com\/photography\/graphiste-freelance-montpellier\/","og_locale":"fr_FR","og_type":"article","og_title":"Graphiste Freelance Montpellier - Occitanie","og_description":"Graphiste freelance \u00e0 Montpellier je r\u00e9alise : carte de visite, logo, flyer, papeterie, plaquette commerciale, brochure, signal\u00e9tique...","og_url":"https:\/\/www.olivierdarock.com\/photography\/graphiste-freelance-montpellier\/","og_site_name":"Photographe \/ Graphiste Freelance Montpellier","article_publisher":"http:\/\/www.facebook.com\/olivierdarockphotography","article_modified_time":"2021-02-10T16:03:21+00:00","og_image":[{"width":2000,"height":1335,"url":"https:\/\/www.olivierdarock.com\/photography\/wp-content\/uploads\/2018\/09\/mariage-aurelie-christophe-mairie-eglise-villeneuve-les-maguelone.jpg","type":"image\/jpeg"}],"twitter_card":"summary_large_image","twitter_misc":{"Dur\u00e9e de lecture estim\u00e9e":"1 minute"},"schema":{"@context":"https:\/\/schema.org","@graph":[{"@type":"WebPage","@id":"https:\/\/www.olivierdarock.com\/photography\/graphiste-freelance-montpellier\/","url":"https:\/\/www.olivierdarock.com\/photography\/graphiste-freelance-montpellier\/","name":"Graphiste Freelance Montpellier - Occitanie","isPartOf":{"@id":"https:\/\/www.olivierdarock.com\/photography\/#website"},"datePublished":"2018-12-29T10:44:22+00:00","dateModified":"2021-02-10T16:03:21+00:00","description":"Graphiste freelance \u00e0 Montpellier je r\u00e9alise : carte de visite, logo, flyer, papeterie, plaquette commerciale, brochure, signal\u00e9tique...","breadcrumb":{"@id":"https:\/\/www.olivierdarock.com\/photography\/graphiste-freelance-montpellier\/#breadcrumb"},"inLanguage":"fr-FR","potentialAction":[{"@type":"ReadAction","target":["https:\/\/www.olivierdarock.com\/photography\/graphiste-freelance-montpellier\/"]}]},{"@type":"BreadcrumbList","@id":"https:\/\/www.olivierdarock.com\/photography\/graphiste-freelance-montpellier\/#breadcrumb","itemListElement":[{"@type":"ListItem","position":1,"name":"Accueil","item":"https:\/\/www.olivierdarock.com\/photography\/"},{"@type":"ListItem","position":2,"name":"Graphiste Freelance Montpellier"}]},{"@type":"WebSite","@id":"https:\/\/www.olivierdarock.com\/photography\/#website","url":"https:\/\/www.olivierdarock.com\/photography\/","name":"Photographe \/ Graphiste Freelance Montpellier","description":"Photographe \/ Graphiste Freelance Montpellier","potentialAction":[{"@type":"SearchAction","target":{"@type":"EntryPoint","urlTemplate":"https:\/\/www.olivierdarock.com\/photography\/?s={search_term_string}"},"query-input":"required name=search_term_string"}],"inLanguage":"fr-FR"}]}},"amp_enabled":true,"_links":{"self":[{"href":"https:\/\/www.olivierdarock.com\/photography\/wp-json\/wp\/v2\/pages\/5210","targetHints":{"allow":["GET"]}}],"collection":[{"href":"https:\/\/www.olivierdarock.com\/photography\/wp-json\/wp\/v2\/pages"}],"about":[{"href":"https:\/\/www.olivierdarock.com\/photography\/wp-json\/wp\/v2\/types\/page"}],"author":[{"embeddable":true,"href":"https:\/\/www.olivierdarock.com\/photography\/wp-json\/wp\/v2\/users\/1"}],"replies":[{"embeddable":true,"href":"https:\/\/www.olivierdarock.com\/photography\/wp-json\/wp\/v2\/comments?post=5210"}],"version-history":[{"count":5,"href":"https:\/\/www.olivierdarock.com\/photography\/wp-json\/wp\/v2\/pages\/5210\/revisions"}],"predecessor-version":[{"id":5282,"href":"https:\/\/www.olivierdarock.com\/photography\/wp-json\/wp\/v2\/pages\/5210\/revisions\/5282"}],"wp:attachment":[{"href":"https:\/\/www.olivierdarock.com\/photography\/wp-json\/wp\/v2\/media?parent=5210"}],"curies":[{"name":"wp","href":"https:\/\/api.w.org\/{rel}","templated":true}]}}