{"id":5109,"date":"2018-12-03T15:56:51","date_gmt":"2018-12-03T15:56:51","guid":{"rendered":"https:\/\/www.olivierdarock.com\/photography\/?page_id=5109"},"modified":"2018-12-06T12:36:30","modified_gmt":"2018-12-06T11:36:30","slug":"carte-cadeau-seance-photos","status":"publish","type":"page","link":"https:\/\/www.olivierdarock.com\/photography\/carte-cadeau-seance-photos\/","title":{"rendered":"Carte cadeau s\u00e9ance photos"},"content":{"rendered":"<p>[vc_row margin_top=\u00a0\u00bb50&Prime;][vc_column width=\u00a0\u00bb1\/2&Prime;][vc_single_image image=\u00a0\u00bb5116&Prime; img_size=\u00a0\u00bbfull\u00a0\u00bb alignment=\u00a0\u00bbcenter\u00a0\u00bb][vc_column_text]<\/p>\n<div class=\"article-header is-aligned-center\" data-role=\"header\">\n<div class=\"article-title-wrap\">\n<h1 class=\"article-title entry-title\">Carte CADEAU<\/h1>\n<\/div>\n<\/div>\n<div class=\"article-content sc\" data-role=\"content\">\n<h2>UNE S\u00c9ANCE PHOTO COMME CADEAU INOUBLIABLE\u2026<\/h2>\n<p>Vous cherchez un\u00a0<strong>cadeau de No\u00ebl exceptionnel, qui change de l\u2019ordinaire<\/strong>? Vous ne savez pas quoi offrir \u00e0 un(e) ami(e) pour son anniversaire? \u00a0une de vos cousines va bient\u00f4t accoucher et vous cherchez un cadeau original et unique pour la\u00a0<strong>naissance<\/strong>\u00a0de son enfant? Vous n\u2019avez pas de belles photos de vos enfants et petits-enfants et cela vous manque?<\/p>\n<p>D\u00e9sormais vous pourrez offrir\u00a0<strong>une s\u00e9ance photo<\/strong>\u00a0avec moi gr\u00e2ce \u00e0 ce joli\u00a0<strong>bon cadeau<\/strong>! Que ce soit pour un <a href=\"https:\/\/www.olivierdarock.com\/photography\/photographe-portraits-montpellier\/\"><strong>book<\/strong><\/a>, en famille, un\u00a0<strong>anniversaire<\/strong>, un\u00a0<a href=\"http:\/\/www.lmlaphoto.net\/mariage\/\" target=\"_blank\" rel=\"noopener\"><strong>mariage<\/strong><\/a>, un\u00a0<strong>bapt\u00eame<\/strong>,\u00a0<strong>No\u00ebl<\/strong>, des\u00a0<strong>fian\u00e7ailles<\/strong>, une\u00a0<a href=\"https:\/\/www.olivierdarock.com\/photography\/photographe-grossesse-naissance\/\"><strong>grossesse<\/strong><\/a>,\u2026 ou toute autre occasion, offrez\u00a0<strong>un cadeau unique, original et inoubliable<\/strong>.<\/p>\n<p>Il n\u2019y a que des bonnes occasions pour offrir une s\u00e9ance photo. C\u2019est une EXP\u00c9RIENCE UNIQUE qui permet d\u2019IMMORTALISER un instant de vie. Que ce soit pour un \u00e9v\u00e8nement marquant ou simplement pour capturer un instant, vous ferez \u00e0 coup s\u00fbr un grand plaisir en offrant ce bon cadeau.<\/p>\n<\/div>\n<p>[\/vc_column_text][vc_single_image image=\u00a0\u00bb5183&Prime; img_size=\u00a0\u00bbfull\u00a0\u00bb alignment=\u00a0\u00bbcenter\u00a0\u00bb][vc_column_text]<\/p>\n<div class=\"article-wrap-inner\">\n<div class=\"article-content sc\" data-role=\"content\">\n<h2>COMMENT PROC\u00c9DER?<\/h2>\n<ul>\n<li>Utilisez le formulaire ci-contre, en remplissant les champs obligatoires marqu\u00e9s d&rsquo;une ast\u00e9risque (*).<\/li>\n<li>Une confirmation de commande vous sera envoy\u00e9e dans les prochaines 24 h, ainsi que les instructions pour le paiement s\u00e9curis\u00e9 de votre achat.<\/li>\n<li>D\u00e8s r\u00e9ception du r\u00e8glement, la carte cadeau sera exp\u00e9di\u00e9e \u00e0 l&rsquo;adresse indiqu\u00e9e dans le formulaire, ou, un rendez-vous sera fix\u00e9 pour une remise en mains propres sur le secteur de Montpellier.<\/li>\n<\/ul>\n<hr \/>\n<p>ATTENTION : cette carte cadeau est valable 1 an, \u00e0 partir de la date d&rsquo;achat !<\/p>\n<hr \/>\n<h2>vous avez re\u00e7u une carte cadeau ?<\/h2>\n<p>Contactez-moi pour que nous puissions programmer ensemble votre s\u00e9ance photos \ud83d\ude42<\/p>\n<\/div>\n<\/div>\n<p>[\/vc_column_text][vc_btn title=\u00a0\u00bbContactez moi\u00a0\u00bb color=\u00a0\u00bbchino\u00a0\u00bb align=\u00a0\u00bbcenter\u00a0\u00bb i_icon_fontawesome=\u00a0\u00bbfa fa-envelope-o\u00a0\u00bb css_animation=\u00a0\u00bbfadeIn\u00a0\u00bb button_block=\u00a0\u00bbtrue\u00a0\u00bb add_icon=\u00a0\u00bbtrue\u00a0\u00bb link=\u00a0\u00bburl:https%3A%2F%2Fwww.olivierdarock.com%2Fphotography%2Fcontact%2F|||\u00a0\u00bb][\/vc_column][vc_column width=\u00a0\u00bb1\/2&Prime;]\n                <div class='gf_browser_gecko gform_wrapper' id='gform_wrapper_2' ><a id='gf_2' class='gform_anchor' ><\/a><form method='post' enctype='multipart\/form-data' target='gform_ajax_frame_2' id='gform_2'  action='\/photography\/wp-json\/wp\/v2\/pages\/5109#gf_2'>\n                        <div class='gform_heading'>\n                            <h3 class='gform_title'>Carte Cadeau<\/h3>\n                        <\/div>\n                        <div class='gform_body'><ul id='gform_fields_2' class='gform_fields top_label form_sublabel_below description_below'><li id='field_2_1'  class='gfield gfield_contains_required field_sublabel_below field_description_below gfield_visibility_visible' ><label class='gfield_label' for='input_2_1' >Nom &amp; Pr\u00e9nom<span class='gfield_required'>*<\/span><\/label><div class='ginput_container ginput_container_text'><input name='input_1' id='input_2_1' type='text' value='' class='medium' maxlength='50'   aria-required=\"true\" aria-invalid=\"false\" \/><\/div><\/li><li id='field_2_2'  class='gfield gfield_contains_required field_sublabel_below field_description_below gfield_visibility_visible' ><label class='gfield_label' for='input_2_2' >E-mail<span class='gfield_required'>*<\/span><\/label><div class='ginput_container ginput_container_email'>\n                            <input name='input_2' id='input_2_2' type='email' value='' class='medium'    aria-required=\"true\" aria-invalid=\"false\"\/>\n                        <\/div><\/li><li id='field_2_3'  class='gfield gfield_contains_required field_sublabel_below field_description_below gfield_visibility_visible' ><label class='gfield_label' for='input_2_3' >T\u00e9l\u00e9phone<span class='gfield_required'>*<\/span><\/label><div class='ginput_container ginput_container_phone'><input name='input_3' id='input_2_3' type='tel' value='' class='medium'   aria-required=\"true\" aria-invalid=\"false\" \/><\/div><\/li><li id='field_2_4'  class='gfield gfield_contains_required field_sublabel_below field_description_below gfield_visibility_visible' ><label class='gfield_label' for='input_2_4' >Adresse de facturation<span class='gfield_required'>*<\/span><\/label><div class='ginput_container ginput_container_text'><input name='input_4' id='input_2_4' type='text' value='' class='medium'    aria-required=\"true\" aria-invalid=\"false\" \/><\/div><\/li><li id='field_2_5'  class='gfield field_sublabel_below field_description_below gfield_visibility_visible' ><label class='gfield_label' for='input_2_5' >Adresse de livraison (si diff\u00e9rente de l&#039;adresse de facturation)<\/label><div class='ginput_container ginput_container_text'><input name='input_5' id='input_2_5' type='text' value='' class='medium'     aria-invalid=\"false\" \/><\/div><\/li><li id='field_2_8'  class='gfield gfield_contains_required field_sublabel_below field_description_below gfield_visibility_visible' ><label class='gfield_label' for='input_2_8' >La carte cadeau que vous souhaitez offrir<span class='gfield_required'>*<\/span><\/label><div class='ginput_container ginput_container_select'><select name='input_8' id='input_2_8' class='medium gfield_select'   aria-required=\"true\" aria-invalid=\"false\"><option value='Pack Book (99\u20ac)' selected='selected'>Pack Book (99\u20ac)<\/option><option value='Pack Book &amp; Portrait (129\u20ac)' >Pack Book &amp; Portrait (129\u20ac)<\/option><option value='Pack Famille (149\u20ac)' >Pack Famille (149\u20ac)<\/option><option value='Pack Grossesse (149\u20ac)' >Pack Grossesse (149\u20ac)<\/option><option value='Pack Anniversaire (199\u20ac)' >Pack Anniversaire (199\u20ac)<\/option><option value='Autres (me contacter)' >Autres (me contacter)<\/option><\/select><\/div><\/li><li id='field_2_9'  class='gfield gfield_contains_required field_sublabel_below field_description_below gfield_visibility_visible' ><label class='gfield_label' for='input_2_9' >Envoi de la carte cadeau<span class='gfield_required'>*<\/span><\/label><div class='ginput_container ginput_container_select'><select name='input_9' id='input_2_9' class='medium gfield_select'   aria-required=\"true\" aria-invalid=\"false\"><option value='Par courrier postal + 1,50\u20ac' >Par courrier postal + 1,50\u20ac<\/option><option value='Retrait sur Montpellier (Sur RDV uniquement)' >Retrait sur Montpellier (Sur RDV uniquement)<\/option><\/select><\/div><\/li><li id='field_2_10'  class='gfield field_sublabel_below field_description_below gfield_visibility_visible' ><label class='gfield_label' for='input_2_10' >Nom de la personne qui recevra le cadeau (si diff\u00e9rent)<\/label><div class='ginput_container ginput_container_text'><input name='input_10' id='input_2_10' type='text' value='' class='medium'     aria-invalid=\"false\" \/><\/div><\/li><li id='field_2_11'  class='gfield field_sublabel_below field_description_below gfield_visibility_visible' ><label class='gfield_label' for='input_2_11' >Votre message personnalis\u00e9<\/label><div class='ginput_container ginput_container_textarea'><textarea name='input_11' id='input_2_11' class='textarea medium'    aria-invalid=\"false\"   rows='10' cols='50'><\/textarea><\/div><\/li><li id='field_2_12'  class='gfield field_sublabel_below field_description_below gfield_visibility_visible' ><label class='gfield_label' for='input_2_12' >CAPTCHA<\/label><div id='input_2_12' class='ginput_container ginput_recaptcha' data-sitekey='6Le97w0TAAAAAOZHXUedfe1dnuluMZ-T0lrxhk1D'  data-theme='light' data-tabindex='0'><\/div><\/li>\n                            <\/ul><\/div>\n        <div class='gform_footer top_label'> <input type='submit' id='gform_submit_button_2' class='gform_button button' value='Commander' tabindex='1' onclick='if(window[\"gf_submitting_2\"]){return false;}  if( !jQuery(\"#gform_2\")[0].checkValidity || jQuery(\"#gform_2\")[0].checkValidity()){window[\"gf_submitting_2\"]=true;}  ' onkeypress='if( event.keyCode == 13 ){ if(window[\"gf_submitting_2\"]){return false;} if( !jQuery(\"#gform_2\")[0].checkValidity || jQuery(\"#gform_2\")[0].checkValidity()){window[\"gf_submitting_2\"]=true;}  jQuery(\"#gform_2\").trigger(\"submit\",[true]); }' \/> <input type='hidden' name='gform_ajax' value='form_id=2&amp;title=1&amp;description=&amp;tabindex=0' \/>\n            <input type='hidden' class='gform_hidden' name='is_submit_2' value='1' \/>\n            <input type='hidden' class='gform_hidden' name='gform_submit' value='2' \/>\n            \n            <input type='hidden' class='gform_hidden' name='gform_unique_id' value='' \/>\n            <input type='hidden' class='gform_hidden' name='state_2' value='WyJbXSIsIjE2Zjc1NjliZWVjNTdiZGU4ZGJiMzk5MjU4ZjQ1NDUyIl0=' \/>\n            <input type='hidden' class='gform_hidden' name='gform_target_page_number_2' id='gform_target_page_number_2' value='0' \/>\n            <input type='hidden' class='gform_hidden' name='gform_source_page_number_2' id='gform_source_page_number_2' value='1' \/>\n            <input type='hidden' name='gform_field_values' value='' \/>\n            \n        <\/div>\n                        <\/form>\n                        <\/div>\n                <iframe style='display:none;width:0px;height:0px;' src='about:blank' name='gform_ajax_frame_2' id='gform_ajax_frame_2' title='Ajax Frame'>Cette iframe contient la logique n\u00e9cessaire pour manipuler Gravity Forms avec Ajax.<\/iframe>\n                <script type='text\/javascript'>jQuery(document).ready(function($){gformInitSpinner( 2, 'https:\/\/www.olivierdarock.com\/photography\/wp-content\/plugins\/gravityforms\/images\/spinner.gif' );jQuery('#gform_ajax_frame_2').on('load',function(){var contents = jQuery(this).contents().find('*').html();var is_postback = contents.indexOf('GF_AJAX_POSTBACK') >= 0;if(!is_postback){return;}var form_content = jQuery(this).contents().find('#gform_wrapper_2');var is_confirmation = jQuery(this).contents().find('#gform_confirmation_wrapper_2').length > 0;var is_redirect = contents.indexOf('gformRedirect(){') >= 0;var is_form = form_content.length > 0 && ! is_redirect && ! is_confirmation;if(is_form){jQuery('#gform_wrapper_2').html(form_content.html());if(form_content.hasClass('gform_validation_error')){jQuery('#gform_wrapper_2').addClass('gform_validation_error');} else {jQuery('#gform_wrapper_2').removeClass('gform_validation_error');}setTimeout( function() { \/* delay the scroll by 50 milliseconds to fix a bug in chrome *\/ jQuery(document).scrollTop(jQuery('#gform_wrapper_2').offset().top); }, 50 );if(window['gformInitDatepicker']) {gformInitDatepicker();}if(window['gformInitPriceFields']) {gformInitPriceFields();}var current_page = jQuery('#gform_source_page_number_2').val();gformInitSpinner( 2, 'https:\/\/www.olivierdarock.com\/photography\/wp-content\/plugins\/gravityforms\/images\/spinner.gif' );jQuery(document).trigger('gform_page_loaded', [2, current_page]);window['gf_submitting_2'] = false;}else if(!is_redirect){var confirmation_content = jQuery(this).contents().find('.GF_AJAX_POSTBACK').html();if(!confirmation_content){confirmation_content = contents;}setTimeout(function(){jQuery('#gform_wrapper_2').replaceWith(confirmation_content);jQuery(document).scrollTop(jQuery('#gf_2').offset().top);jQuery(document).trigger('gform_confirmation_loaded', [2]);window['gf_submitting_2'] = false;}, 50);}else{jQuery('#gform_2').append(contents);if(window['gformRedirect']) {gformRedirect();}}jQuery(document).trigger('gform_post_render', [2, current_page]);} );} );<\/script><script type='text\/javascript'> if(typeof gf_global == 'undefined') var gf_global = {\"gf_currency_config\":{\"name\":\"Euro\",\"symbol_left\":\"\",\"symbol_right\":\"&#8364;\",\"symbol_padding\":\" \",\"thousand_separator\":\".\",\"decimal_separator\":\",\",\"decimals\":2},\"base_url\":\"https:\\\/\\\/www.olivierdarock.com\\\/photography\\\/wp-content\\\/plugins\\\/gravityforms\",\"number_formats\":[],\"spinnerUrl\":\"https:\\\/\\\/www.olivierdarock.com\\\/photography\\\/wp-content\\\/plugins\\\/gravityforms\\\/images\\\/spinner.gif\"};jQuery(document).bind('gform_post_render', function(event, formId, currentPage){if(formId == 2) {jQuery('#input_2_1').textareaCount(    {    'maxCharacterSize': 50,    'originalStyle': 'ginput_counter',\t 'truncate': true,\t 'errorStyle' : '',    'displayFormat' : '#input de #max caract\u00e8res maximum'    } );} } );jQuery(document).bind('gform_post_conditional_logic', function(event, formId, fields, isInit){} );<\/script><script type='text\/javascript'> jQuery(document).ready(function(){jQuery(document).trigger('gform_post_render', [2, 1]) } ); <\/script>[\/vc_column][\/vc_row]<\/p>\n","protected":false},"excerpt":{"rendered":"<p>[vc_row margin_top=\u00a0\u00bb50&Prime;][vc_column width=\u00a0\u00bb1\/2&Prime;][vc_single_image image=\u00a0\u00bb5116&Prime; img_size=\u00a0\u00bbfull\u00a0\u00bb alignment=\u00a0\u00bbcenter\u00a0\u00bb][vc_column_text] Carte CADEAU UNE S\u00c9ANCE PHOTO COMME CADEAU INOUBLIABLE\u2026 Vous cherchez un\u00a0cadeau de No\u00ebl exceptionnel, qui change de l\u2019ordinaire? Vous ne savez pas quoi offrir \u00e0 un(e) ami(e) pour son anniversaire? \u00a0une de vos cousines va bient\u00f4t accoucher et vous cherchez un cadeau original et unique pour la\u00a0naissance\u00a0de son enfant? [&hellip;]<\/p>\n","protected":false},"author":1,"featured_media":0,"parent":0,"menu_order":0,"comment_status":"closed","ping_status":"closed","template":"","meta":{"footnotes":""},"class_list":["post-5109","page","type-page","status-publish","hentry"],"acf":[],"yoast_head":"<!-- This site is optimized with the Yoast SEO plugin v20.2.1 - https:\/\/yoast.com\/wordpress\/plugins\/seo\/ -->\n<title>Carte cadeau pour une s\u00e9ance photos \/ Photographe sur Montpellier<\/title>\n<meta name=\"description\" content=\"Id\u00e9e cadeaux de No\u00eal !Envie de faire plaisir \u00e0 une personne que l&#039;on aime avec un cadeau original ? Et pourquoi pas une carte cadeau pour une s\u00e9ance photo !\" \/>\n<meta name=\"robots\" content=\"index, follow, max-snippet:-1, max-image-preview:large, max-video-preview:-1\" \/>\n<link rel=\"canonical\" href=\"https:\/\/www.olivierdarock.com\/photography\/carte-cadeau-seance-photos\/\" \/>\n<meta property=\"og:locale\" content=\"fr_FR\" \/>\n<meta property=\"og:type\" content=\"article\" \/>\n<meta property=\"og:title\" content=\"UNE S\u00c9ANCE PHOTO COMME CADEAU INOUBLIABLE\u2026\" \/>\n<meta property=\"og:description\" content=\"Vous cherchez un cadeau de No\u00ebl exceptionnel, qui change de l\u2019ordinaire? Vous ne savez pas quoi offrir \u00e0 un(e) ami(e) pour son anniversaire? Une de vos cousines va bient\u00f4t accoucher et vous cherchez un cadeau original et unique pour la naissance de son enfant? Vous n\u2019avez pas de belles photos de vos enfants et petits-enfants et cela vous manque?\" \/>\n<meta property=\"og:url\" content=\"https:\/\/www.olivierdarock.com\/photography\/carte-cadeau-seance-photos\/\" \/>\n<meta property=\"og:site_name\" content=\"Photographe \/ Graphiste Freelance Montpellier\" \/>\n<meta property=\"article:publisher\" content=\"http:\/\/www.facebook.com\/olivierdarockphotography\" \/>\n<meta property=\"article:modified_time\" content=\"2018-12-06T11:36:30+00:00\" \/>\n<meta property=\"og:image\" content=\"https:\/\/www.olivierdarock.com\/photography\/wp-content\/uploads\/2018\/12\/bon-cadeau-seance-photo-montpellier.jpg\" \/>\n\t<meta property=\"og:image:width\" content=\"2000\" \/>\n\t<meta property=\"og:image:height\" content=\"832\" \/>\n\t<meta property=\"og:image:type\" content=\"image\/jpeg\" \/>\n<meta name=\"twitter:card\" content=\"summary_large_image\" \/>\n<meta name=\"twitter:label1\" content=\"Dur\u00e9e de lecture estim\u00e9e\" \/>\n\t<meta name=\"twitter:data1\" content=\"2 minutes\" \/>\n<script type=\"application\/ld+json\" class=\"yoast-schema-graph\">{\"@context\":\"https:\/\/schema.org\",\"@graph\":[{\"@type\":\"WebPage\",\"@id\":\"https:\/\/www.olivierdarock.com\/photography\/carte-cadeau-seance-photos\/\",\"url\":\"https:\/\/www.olivierdarock.com\/photography\/carte-cadeau-seance-photos\/\",\"name\":\"Carte cadeau pour une s\u00e9ance photos \/ Photographe sur Montpellier\",\"isPartOf\":{\"@id\":\"https:\/\/www.olivierdarock.com\/photography\/#website\"},\"datePublished\":\"2018-12-03T15:56:51+00:00\",\"dateModified\":\"2018-12-06T11:36:30+00:00\",\"description\":\"Id\u00e9e cadeaux de No\u00eal !Envie de faire plaisir \u00e0 une personne que l'on aime avec un cadeau original ? Et pourquoi pas une carte cadeau pour une s\u00e9ance photo !\",\"breadcrumb\":{\"@id\":\"https:\/\/www.olivierdarock.com\/photography\/carte-cadeau-seance-photos\/#breadcrumb\"},\"inLanguage\":\"fr-FR\",\"potentialAction\":[{\"@type\":\"ReadAction\",\"target\":[\"https:\/\/www.olivierdarock.com\/photography\/carte-cadeau-seance-photos\/\"]}]},{\"@type\":\"BreadcrumbList\",\"@id\":\"https:\/\/www.olivierdarock.com\/photography\/carte-cadeau-seance-photos\/#breadcrumb\",\"itemListElement\":[{\"@type\":\"ListItem\",\"position\":1,\"name\":\"Accueil\",\"item\":\"https:\/\/www.olivierdarock.com\/photography\/\"},{\"@type\":\"ListItem\",\"position\":2,\"name\":\"Carte cadeau s\u00e9ance photos\"}]},{\"@type\":\"WebSite\",\"@id\":\"https:\/\/www.olivierdarock.com\/photography\/#website\",\"url\":\"https:\/\/www.olivierdarock.com\/photography\/\",\"name\":\"Photographe \/ Graphiste Freelance Montpellier\",\"description\":\"Photographe \/ Graphiste Freelance Montpellier\",\"potentialAction\":[{\"@type\":\"SearchAction\",\"target\":{\"@type\":\"EntryPoint\",\"urlTemplate\":\"https:\/\/www.olivierdarock.com\/photography\/?s={search_term_string}\"},\"query-input\":\"required name=search_term_string\"}],\"inLanguage\":\"fr-FR\"}]}<\/script>\n<!-- \/ Yoast SEO plugin. -->","yoast_head_json":{"title":"Carte cadeau pour une s\u00e9ance photos \/ Photographe sur Montpellier","description":"Id\u00e9e cadeaux de No\u00eal !Envie de faire plaisir \u00e0 une personne que l'on aime avec un cadeau original ? Et pourquoi pas une carte cadeau pour une s\u00e9ance photo !","robots":{"index":"index","follow":"follow","max-snippet":"max-snippet:-1","max-image-preview":"max-image-preview:large","max-video-preview":"max-video-preview:-1"},"canonical":"https:\/\/www.olivierdarock.com\/photography\/carte-cadeau-seance-photos\/","og_locale":"fr_FR","og_type":"article","og_title":"UNE S\u00c9ANCE PHOTO COMME CADEAU INOUBLIABLE\u2026","og_description":"Vous cherchez un cadeau de No\u00ebl exceptionnel, qui change de l\u2019ordinaire? Vous ne savez pas quoi offrir \u00e0 un(e) ami(e) pour son anniversaire? Une de vos cousines va bient\u00f4t accoucher et vous cherchez un cadeau original et unique pour la naissance de son enfant? Vous n\u2019avez pas de belles photos de vos enfants et petits-enfants et cela vous manque?","og_url":"https:\/\/www.olivierdarock.com\/photography\/carte-cadeau-seance-photos\/","og_site_name":"Photographe \/ Graphiste Freelance Montpellier","article_publisher":"http:\/\/www.facebook.com\/olivierdarockphotography","article_modified_time":"2018-12-06T11:36:30+00:00","og_image":[{"width":2000,"height":832,"url":"https:\/\/www.olivierdarock.com\/photography\/wp-content\/uploads\/2018\/12\/bon-cadeau-seance-photo-montpellier.jpg","type":"image\/jpeg"}],"twitter_card":"summary_large_image","twitter_misc":{"Dur\u00e9e de lecture estim\u00e9e":"2 minutes"},"schema":{"@context":"https:\/\/schema.org","@graph":[{"@type":"WebPage","@id":"https:\/\/www.olivierdarock.com\/photography\/carte-cadeau-seance-photos\/","url":"https:\/\/www.olivierdarock.com\/photography\/carte-cadeau-seance-photos\/","name":"Carte cadeau pour une s\u00e9ance photos \/ Photographe sur Montpellier","isPartOf":{"@id":"https:\/\/www.olivierdarock.com\/photography\/#website"},"datePublished":"2018-12-03T15:56:51+00:00","dateModified":"2018-12-06T11:36:30+00:00","description":"Id\u00e9e cadeaux de No\u00eal !Envie de faire plaisir \u00e0 une personne que l'on aime avec un cadeau original ? Et pourquoi pas une carte cadeau pour une s\u00e9ance photo !","breadcrumb":{"@id":"https:\/\/www.olivierdarock.com\/photography\/carte-cadeau-seance-photos\/#breadcrumb"},"inLanguage":"fr-FR","potentialAction":[{"@type":"ReadAction","target":["https:\/\/www.olivierdarock.com\/photography\/carte-cadeau-seance-photos\/"]}]},{"@type":"BreadcrumbList","@id":"https:\/\/www.olivierdarock.com\/photography\/carte-cadeau-seance-photos\/#breadcrumb","itemListElement":[{"@type":"ListItem","position":1,"name":"Accueil","item":"https:\/\/www.olivierdarock.com\/photography\/"},{"@type":"ListItem","position":2,"name":"Carte cadeau s\u00e9ance photos"}]},{"@type":"WebSite","@id":"https:\/\/www.olivierdarock.com\/photography\/#website","url":"https:\/\/www.olivierdarock.com\/photography\/","name":"Photographe \/ Graphiste Freelance Montpellier","description":"Photographe \/ Graphiste Freelance Montpellier","potentialAction":[{"@type":"SearchAction","target":{"@type":"EntryPoint","urlTemplate":"https:\/\/www.olivierdarock.com\/photography\/?s={search_term_string}"},"query-input":"required name=search_term_string"}],"inLanguage":"fr-FR"}]}},"amp_enabled":true,"_links":{"self":[{"href":"https:\/\/www.olivierdarock.com\/photography\/wp-json\/wp\/v2\/pages\/5109","targetHints":{"allow":["GET"]}}],"collection":[{"href":"https:\/\/www.olivierdarock.com\/photography\/wp-json\/wp\/v2\/pages"}],"about":[{"href":"https:\/\/www.olivierdarock.com\/photography\/wp-json\/wp\/v2\/types\/page"}],"author":[{"embeddable":true,"href":"https:\/\/www.olivierdarock.com\/photography\/wp-json\/wp\/v2\/users\/1"}],"replies":[{"embeddable":true,"href":"https:\/\/www.olivierdarock.com\/photography\/wp-json\/wp\/v2\/comments?post=5109"}],"version-history":[{"count":19,"href":"https:\/\/www.olivierdarock.com\/photography\/wp-json\/wp\/v2\/pages\/5109\/revisions"}],"predecessor-version":[{"id":5184,"href":"https:\/\/www.olivierdarock.com\/photography\/wp-json\/wp\/v2\/pages\/5109\/revisions\/5184"}],"wp:attachment":[{"href":"https:\/\/www.olivierdarock.com\/photography\/wp-json\/wp\/v2\/media?parent=5109"}],"curies":[{"name":"wp","href":"https:\/\/api.w.org\/{rel}","templated":true}]}}