{"id":4907,"date":"2018-05-10T07:40:53","date_gmt":"2018-05-10T07:40:53","guid":{"rendered":"http:\/\/www.olivierdarock.com\/photography\/?page_id=4907"},"modified":"2018-05-17T09:34:04","modified_gmt":"2018-05-17T09:34:04","slug":"tarifs-photos-book","status":"publish","type":"page","link":"https:\/\/www.olivierdarock.com\/photography\/tarifs-photos-book\/","title":{"rendered":"Tarifs photos book"},"content":{"rendered":"<p>[vc_row][vc_column]     \r\n        <div class=\"sec-color\">\r\n        \t<div class=\"row\">\r\n        \t\t\t<div class=\"pricing-table-container\">\r\n\t    <div class=\"pricing-style10 pricing-animation-yes\">\r\n\t\t\t<div class=\"col-md-6 col-sm-6\">\r\n\t\t\t\t<div class=\"tc-animation-hover\">\t\r\n\t\t\t\t\t<div class=\"pricing-plan  \">\r\n\r\n\t\t\t\t\t\t<!-- BootPlan Style 1 Start -->\r\n\t\t\t\t\t\t\t\t\t         <!-- BootPlan Style 1 End -->\r\n\r\n\t\t\t         <!-- BootPlan Style 2 Start -->\r\n\t\t\t        \t\t\t\t         <!-- BootPlan Style 2 End -->\r\n\r\n\r\n\t\t\t         <!-- BootPlan Style 3 Start -->\r\n\t\t\t        \t\r\n\t\t\t         <!-- BootPlan Style 3 End -->\r\n\r\n\t\t\t         <!-- BootPlan Style 4 Start -->\r\n\t\t\t        \t\t\t\t\t            <div class=\"pricing-head\">\r\n\t\t\t\t                <div class=\"name\">\r\n\t\t\t\t                    R\u00e9seaux sociaux\t\t\t\t                <\/div>\r\n\t\t\t\t                <div class=\"price\">\r\n\t\t\t\t                    <span class=\"value\">\r\n\t\t\t\t                        <sup>\u20ac<\/sup>99\t\t\t\t                    <\/span>\r\n\t\t\t\t                    <span class=\"duration\">\r\n\t\t\t\t                        \/ \t\t\t\t                    <\/span>\r\n\t\t\t\t                <\/div>\r\n\t\t\t\t                \t\t\t\t            <\/div>\r\n\t\t\t\t            <div class=\"pricing-body\">\r\n\t\t\t\t                <\/p>\n<ul>\n<li class=\"p1\">\n<p class=\"p1\"><strong>S\u00e9ance de 45 min.<\/strong><\/p>\n<\/li>\n<li class=\"p1\">\n<p class=\"p1\">D\u00e9placement \u00e0 votre domicile ou lieux aux environs de 25 km (au del\u00e0 me contacter)<\/p>\n<\/li>\n<li class=\"p1\">\n<p class=\"p1\">Travail de retouches : luminosit\u00e9, colorim\u00e9trie, noir et blanc<\/p>\n<\/li>\n<li class=\"p1\">\n<p class=\"p1\">Fourniture de 5 photos HD<\/p>\n<\/li>\n<li class=\"p1\">\n<p class=\"p1\">Photos suppl\u00e9mentaires : 9 \u20ac l\u2019unit\u00e9<\/p>\n<\/li>\n<li class=\"p1\">\n<p class=\"p1\">Option album<\/p>\n<\/li>\n<\/ul>\n<p>\t\t\t\t            <\/div>\r\n\t\t\t\t            <div class=\"pricing-footer\">\r\n\t\t\t\t            \t\t\t\t\t                \t\t<a href=\"http:\/\/www.olivierdarock.com\/photography\/contact\/\" class=\"p-button\" target=\"_self\" >\r\n\t\t\t\t                \t\t\tCommander\t\t\t\t                \t\t<\/a>\r\n\t\t\t\t                \t\t\t\t            <\/div>\r\n\t\t\t            \r\n\t\t\t         <!-- BootPlan Style 4 End -->\r\n\t\t\t        <\/div>\r\n\t\t        <\/div>\r\n\t\t    <\/div>\r\n\t\t<\/div>\r\n\t<\/div>\r\n\r\n\r\n\r\n\t<div class=\"pricing-table-container\">\r\n\t    <div class=\"pricing-style10 pricing-animation-yes\">\r\n\t\t\t<div class=\"col-md-6 col-sm-6\">\r\n\t\t\t\t<div class=\"tc-animation-hover\">\t\r\n\t\t\t\t\t<div class=\"pricing-plan  \">\r\n\r\n\t\t\t\t\t\t<!-- BootPlan Style 1 Start -->\r\n\t\t\t\t\t\t\t\t\t         <!-- BootPlan Style 1 End -->\r\n\r\n\t\t\t         <!-- BootPlan Style 2 Start -->\r\n\t\t\t        \t\t\t\t         <!-- BootPlan Style 2 End -->\r\n\r\n\r\n\t\t\t         <!-- BootPlan Style 3 Start -->\r\n\t\t\t        \t\r\n\t\t\t         <!-- BootPlan Style 3 End -->\r\n\r\n\t\t\t         <!-- BootPlan Style 4 Start -->\r\n\t\t\t        \t\t\t\t\t            <div class=\"pricing-head\">\r\n\t\t\t\t                <div class=\"name\">\r\n\t\t\t\t                    Book &amp; Portrait\t\t\t\t                <\/div>\r\n\t\t\t\t                <div class=\"price\">\r\n\t\t\t\t                    <span class=\"value\">\r\n\t\t\t\t                        <sup>\u20ac<\/sup>129\t\t\t\t                    <\/span>\r\n\t\t\t\t                    <span class=\"duration\">\r\n\t\t\t\t                        \/ \t\t\t\t                    <\/span>\r\n\t\t\t\t                <\/div>\r\n\t\t\t\t                \t\t\t\t            <\/div>\r\n\t\t\t\t            <div class=\"pricing-body\">\r\n\t\t\t\t                <\/p>\n<ul>\n<li class=\"p1\">\n<p class=\"p1\"><strong>S\u00e9ance de 45 min.<\/strong><\/p>\n<\/li>\n<li class=\"p1\">\n<p class=\"p1\">D\u00e9placement \u00e0 votre domicile ou lieux aux environs de 25 km (au del\u00e0 me contacter)<\/p>\n<\/li>\n<li class=\"p1\">\n<p class=\"p1\">Travail de retouches : luminosit\u00e9, colorim\u00e9trie, noir et blanc<\/p>\n<\/li>\n<li class=\"p1\">\n<p class=\"p1\">Fourniture de 10 photos HD<\/p>\n<\/li>\n<li class=\"p1\">\n<p class=\"p1\">Photos suppl\u00e9mentaires : 9 \u20ac l\u2019unit\u00e9<\/p>\n<\/li>\n<li class=\"p1\">\n<p class=\"p1\">Option album<\/p>\n<\/li>\n<\/ul>\n<p>\t\t\t\t            <\/div>\r\n\t\t\t\t            <div class=\"pricing-footer\">\r\n\t\t\t\t            \t\t\t\t\t                \t\t<a href=\"http:\/\/www.olivierdarock.com\/photography\/contact\/\" class=\"p-button\" target=\"_self\" >\r\n\t\t\t\t                \t\t\tCommander\t\t\t\t                \t\t<\/a>\r\n\t\t\t\t                \t\t\t\t            <\/div>\r\n\t\t\t            \r\n\t\t\t         <!-- BootPlan Style 4 End -->\r\n\t\t\t        <\/div>\r\n\t\t        <\/div>\r\n\t\t    <\/div>\r\n\t\t<\/div>\r\n\t<\/div>\r\n\r\n\r\n\r\n        \t<\/div>\r\n        <\/div>\r\n\r\n             \r\n        <div class=\"sec-color\">\r\n        \t<div class=\"row\">\r\n        \t\t\t<div class=\"pricing-table-container\">\r\n\t    <div class=\"pricing-style10 pricing-animation-yes\">\r\n\t\t\t<div class=\"col-md-4 col-sm-6\">\r\n\t\t\t\t<div class=\"tc-animation-hover\">\t\r\n\t\t\t\t\t<div class=\"pricing-plan  \">\r\n\r\n\t\t\t\t\t\t<!-- BootPlan Style 1 Start -->\r\n\t\t\t\t\t\t\t\t\t         <!-- BootPlan Style 1 End -->\r\n\r\n\t\t\t         <!-- BootPlan Style 2 Start -->\r\n\t\t\t        \t\t\t\t         <!-- BootPlan Style 2 End -->\r\n\r\n\r\n\t\t\t         <!-- BootPlan Style 3 Start -->\r\n\t\t\t        \t\r\n\t\t\t         <!-- BootPlan Style 3 End -->\r\n\r\n\t\t\t         <!-- BootPlan Style 4 Start -->\r\n\t\t\t        \t\t\t\t\t            <div class=\"pricing-head\">\r\n\t\t\t\t                <div class=\"name\">\r\n\t\t\t\t                    Famille\t\t\t\t                <\/div>\r\n\t\t\t\t                <div class=\"price\">\r\n\t\t\t\t                    <span class=\"value\">\r\n\t\t\t\t                        <sup>\u20ac<\/sup>199\t\t\t\t                    <\/span>\r\n\t\t\t\t                    <span class=\"duration\">\r\n\t\t\t\t                        \/ \t\t\t\t                    <\/span>\r\n\t\t\t\t                <\/div>\r\n\t\t\t\t                \t\t\t\t            <\/div>\r\n\t\t\t\t            <div class=\"pricing-body\">\r\n\t\t\t\t                <\/p>\n<ul>\n<li class=\"p1\" style=\"list-style-type: none;\">\n<ul>\n<li class=\"p1\">\n<p class=\"p1\"><strong>S\u00e9ance de 2h.<\/strong><\/p>\n<\/li>\n<li>Prise de rendez-vous t\u00e9l\u00e9phonique avant le shooting<\/li>\n<li class=\"p1\">\n<p class=\"p1\">D\u00e9placement \u00e0 votre domicile ou lieux aux environs de 25 km (au del\u00e0 me contacter)<\/p>\n<\/li>\n<li class=\"p1\">\n<p class=\"p1\">Travail de retouches : luminosit\u00e9, colorim\u00e9trie, noir et blanc<\/p>\n<\/li>\n<li class=\"p1\">\n<p class=\"p1\">Fourniture de toutes les photos HD<\/p>\n<\/li>\n<li class=\"p1\">\n<p class=\"p1\">Galerie web priv\u00e9e HD (dur\u00e9e 1 mois)<\/p>\n<\/li>\n<li class=\"p1\">Option album<\/li>\n<\/ul>\n<\/li>\n<\/ul>\n<p>\t\t\t\t            <\/div>\r\n\t\t\t\t            <div class=\"pricing-footer\">\r\n\t\t\t\t            \t\t\t\t\t                \t\t<a href=\"http:\/\/www.olivierdarock.com\/photography\/contact\/\" class=\"p-button\" target=\"_self\" >\r\n\t\t\t\t                \t\t\tCommander\t\t\t\t                \t\t<\/a>\r\n\t\t\t\t                \t\t\t\t            <\/div>\r\n\t\t\t            \r\n\t\t\t         <!-- BootPlan Style 4 End -->\r\n\t\t\t        <\/div>\r\n\t\t        <\/div>\r\n\t\t    <\/div>\r\n\t\t<\/div>\r\n\t<\/div>\r\n\r\n\r\n\r\n\t<div class=\"pricing-table-container\">\r\n\t    <div class=\"pricing-style10 pricing-animation-yes\">\r\n\t\t\t<div class=\"col-md-4 col-sm-6\">\r\n\t\t\t\t<div class=\"tc-animation-hover\">\t\r\n\t\t\t\t\t<div class=\"pricing-plan  \">\r\n\r\n\t\t\t\t\t\t<!-- BootPlan Style 1 Start -->\r\n\t\t\t\t\t\t\t\t\t         <!-- BootPlan Style 1 End -->\r\n\r\n\t\t\t         <!-- BootPlan Style 2 Start -->\r\n\t\t\t        \t\t\t\t         <!-- BootPlan Style 2 End -->\r\n\r\n\r\n\t\t\t         <!-- BootPlan Style 3 Start -->\r\n\t\t\t        \t\r\n\t\t\t         <!-- BootPlan Style 3 End -->\r\n\r\n\t\t\t         <!-- BootPlan Style 4 Start -->\r\n\t\t\t        \t\t\t\t\t            <div class=\"pricing-head\">\r\n\t\t\t\t                <div class=\"name\">\r\n\t\t\t\t                    Anniversaire\t\t\t\t                <\/div>\r\n\t\t\t\t                <div class=\"price\">\r\n\t\t\t\t                    <span class=\"value\">\r\n\t\t\t\t                        <sup>\u20ac<\/sup>299\t\t\t\t                    <\/span>\r\n\t\t\t\t                    <span class=\"duration\">\r\n\t\t\t\t                        \/ \t\t\t\t                    <\/span>\r\n\t\t\t\t                <\/div>\r\n\t\t\t\t                \t\t\t\t            <\/div>\r\n\t\t\t\t            <div class=\"pricing-body\">\r\n\t\t\t\t                <\/p>\n<ul>\n<li class=\"p1\">\n<p class=\"p1\"><strong>Demi-journ\u00e9e ~4h.<\/strong><\/p>\n<\/li>\n<li>Prise de rendez-vous t\u00e9l\u00e9phonique avant le shooting<\/li>\n<li class=\"p1\">\n<p class=\"p1\">D\u00e9placement \u00e0 votre domicile ou lieux aux environs de 25 km (au del\u00e0 me contacter)<\/p>\n<\/li>\n<li class=\"p1\">\n<p class=\"p1\">Travail de retouches : luminosit\u00e9, colorim\u00e9trie, noir et blanc<\/p>\n<\/li>\n<li class=\"p1\">\n<p class=\"p1\">Fourniture de toutes les photos HD<\/p>\n<\/li>\n<li>Galerie web priv\u00e9e HD pour les invit\u00e9s (dur\u00e9e 1 mois)<\/li>\n<li class=\"p1\">Option album<\/li>\n<\/ul>\n<p>\t\t\t\t            <\/div>\r\n\t\t\t\t            <div class=\"pricing-footer\">\r\n\t\t\t\t            \t\t\t\t\t                \t\t<a href=\"http:\/\/www.olivierdarock.com\/photography\/contact\/\" class=\"p-button\" target=\"_self\" >\r\n\t\t\t\t                \t\t\tCommander\t\t\t\t                \t\t<\/a>\r\n\t\t\t\t                \t\t\t\t            <\/div>\r\n\t\t\t            \r\n\t\t\t         <!-- BootPlan Style 4 End -->\r\n\t\t\t        <\/div>\r\n\t\t        <\/div>\r\n\t\t    <\/div>\r\n\t\t<\/div>\r\n\t<\/div>\r\n\r\n\r\n\r\n\t<div class=\"pricing-table-container\">\r\n\t    <div class=\"pricing-style10 pricing-animation-yes\">\r\n\t\t\t<div class=\"col-md-4 col-sm-6\">\r\n\t\t\t\t<div class=\"tc-animation-hover\">\t\r\n\t\t\t\t\t<div class=\"pricing-plan  \">\r\n\r\n\t\t\t\t\t\t<!-- BootPlan Style 1 Start -->\r\n\t\t\t\t\t\t\t\t\t         <!-- BootPlan Style 1 End -->\r\n\r\n\t\t\t         <!-- BootPlan Style 2 Start -->\r\n\t\t\t        \t\t\t\t         <!-- BootPlan Style 2 End -->\r\n\r\n\r\n\t\t\t         <!-- BootPlan Style 3 Start -->\r\n\t\t\t        \t\r\n\t\t\t         <!-- BootPlan Style 3 End -->\r\n\r\n\t\t\t         <!-- BootPlan Style 4 Start -->\r\n\t\t\t        \t\t\t\t\t            <div class=\"pricing-head\">\r\n\t\t\t\t                <div class=\"name\">\r\n\t\t\t\t                    Bapt\u00eame...\t\t\t\t                <\/div>\r\n\t\t\t\t                <div class=\"price\">\r\n\t\t\t\t                    <span class=\"value\">\r\n\t\t\t\t                        <sup>\u20ac<\/sup>299\t\t\t\t                    <\/span>\r\n\t\t\t\t                    <span class=\"duration\">\r\n\t\t\t\t                        \/ \t\t\t\t                    <\/span>\r\n\t\t\t\t                <\/div>\r\n\t\t\t\t                \t\t\t\t            <\/div>\r\n\t\t\t\t            <div class=\"pricing-body\">\r\n\t\t\t\t                <\/p>\n<ul>\n<li class=\"p1\">\n<p class=\"p1\"><strong>Demi-journ\u00e9e ~4h.<\/strong><\/p>\n<\/li>\n<li>Prise de rendez-vous t\u00e9l\u00e9phonique avant le shooting<\/li>\n<li class=\"p1\">\n<p class=\"p1\">D\u00e9placement \u00e0 votre domicile ou lieux aux environs de 25 km (au del\u00e0 me contacter)<\/p>\n<\/li>\n<li class=\"p1\">\n<p class=\"p1\">Travail de retouches : luminosit\u00e9, colorim\u00e9trie, noir et blanc<\/p>\n<\/li>\n<li class=\"p1\">\n<p class=\"p1\">Fourniture de toutes les photos HD<\/p>\n<\/li>\n<li>Galerie web priv\u00e9e HD pour les invit\u00e9s (dur\u00e9e 1 mois)<\/li>\n<li class=\"p1\">Option album<\/li>\n<\/ul>\n<p>\t\t\t\t            <\/div>\r\n\t\t\t\t            <div class=\"pricing-footer\">\r\n\t\t\t\t            \t\t\t\t\t                \t\t<a href=\"http:\/\/www.olivierdarock.com\/photography\/contact\/\" class=\"p-button\" target=\"_self\" >\r\n\t\t\t\t                \t\t\tCommander\t\t\t\t                \t\t<\/a>\r\n\t\t\t\t                \t\t\t\t            <\/div>\r\n\t\t\t            \r\n\t\t\t         <!-- BootPlan Style 4 End -->\r\n\t\t\t        <\/div>\r\n\t\t        <\/div>\r\n\t\t    <\/div>\r\n\t\t<\/div>\r\n\t<\/div>\r\n\r\n\r\n\r\n        \t<\/div>\r\n        <\/div>\r\n\r\n        [\/vc_column][\/vc_row]<\/p>\n","protected":false},"excerpt":{"rendered":"<p>[vc_row][vc_column][\/vc_column][\/vc_row]<\/p>\n","protected":false},"author":1,"featured_media":0,"parent":0,"menu_order":0,"comment_status":"closed","ping_status":"closed","template":"template-fullwidth.php","meta":{"footnotes":""},"class_list":["post-4907","page","type-page","status-publish","hentry"],"acf":[],"yoast_head":"<!-- This site is optimized with the Yoast SEO plugin v20.2.1 - https:\/\/yoast.com\/wordpress\/plugins\/seo\/ -->\n<title>Tarifs photos book - Photographe \/ Graphiste Freelance Montpellier<\/title>\n<meta name=\"robots\" content=\"index, follow, max-snippet:-1, max-image-preview:large, max-video-preview:-1\" \/>\n<link rel=\"canonical\" href=\"https:\/\/www.olivierdarock.com\/photography\/tarifs-photos-book\/\" \/>\n<meta property=\"og:locale\" content=\"fr_FR\" \/>\n<meta property=\"og:type\" content=\"article\" \/>\n<meta property=\"og:title\" content=\"Tarifs photos book - Photographe \/ Graphiste Freelance Montpellier\" \/>\n<meta property=\"og:description\" content=\"[vc_row][vc_column][\/vc_column][\/vc_row]\" \/>\n<meta property=\"og:url\" content=\"https:\/\/www.olivierdarock.com\/photography\/tarifs-photos-book\/\" \/>\n<meta property=\"og:site_name\" content=\"Photographe \/ Graphiste Freelance Montpellier\" \/>\n<meta property=\"article:publisher\" content=\"http:\/\/www.facebook.com\/olivierdarockphotography\" \/>\n<meta property=\"article:modified_time\" content=\"2018-05-17T09:34:04+00:00\" \/>\n<meta property=\"og:image\" content=\"https:\/\/www.olivierdarock.com\/photography\/wp-content\/uploads\/2018\/09\/mariage-aurelie-christophe-mairie-eglise-villeneuve-les-maguelone.jpg\" \/>\n\t<meta property=\"og:image:width\" content=\"2000\" \/>\n\t<meta property=\"og:image:height\" content=\"1335\" \/>\n\t<meta property=\"og:image:type\" content=\"image\/jpeg\" \/>\n<meta name=\"twitter:card\" content=\"summary_large_image\" \/>\n<meta name=\"twitter:label1\" content=\"Dur\u00e9e de lecture estim\u00e9e\" \/>\n\t<meta name=\"twitter:data1\" content=\"3 minutes\" \/>\n<script type=\"application\/ld+json\" class=\"yoast-schema-graph\">{\"@context\":\"https:\/\/schema.org\",\"@graph\":[{\"@type\":\"WebPage\",\"@id\":\"https:\/\/www.olivierdarock.com\/photography\/tarifs-photos-book\/\",\"url\":\"https:\/\/www.olivierdarock.com\/photography\/tarifs-photos-book\/\",\"name\":\"Tarifs photos book - Photographe \/ Graphiste Freelance Montpellier\",\"isPartOf\":{\"@id\":\"https:\/\/www.olivierdarock.com\/photography\/#website\"},\"datePublished\":\"2018-05-10T07:40:53+00:00\",\"dateModified\":\"2018-05-17T09:34:04+00:00\",\"breadcrumb\":{\"@id\":\"https:\/\/www.olivierdarock.com\/photography\/tarifs-photos-book\/#breadcrumb\"},\"inLanguage\":\"fr-FR\",\"potentialAction\":[{\"@type\":\"ReadAction\",\"target\":[\"https:\/\/www.olivierdarock.com\/photography\/tarifs-photos-book\/\"]}]},{\"@type\":\"BreadcrumbList\",\"@id\":\"https:\/\/www.olivierdarock.com\/photography\/tarifs-photos-book\/#breadcrumb\",\"itemListElement\":[{\"@type\":\"ListItem\",\"position\":1,\"name\":\"Accueil\",\"item\":\"https:\/\/www.olivierdarock.com\/photography\/\"},{\"@type\":\"ListItem\",\"position\":2,\"name\":\"Tarifs photos book\"}]},{\"@type\":\"WebSite\",\"@id\":\"https:\/\/www.olivierdarock.com\/photography\/#website\",\"url\":\"https:\/\/www.olivierdarock.com\/photography\/\",\"name\":\"Photographe \/ Graphiste Freelance Montpellier\",\"description\":\"Photographe \/ Graphiste Freelance Montpellier\",\"potentialAction\":[{\"@type\":\"SearchAction\",\"target\":{\"@type\":\"EntryPoint\",\"urlTemplate\":\"https:\/\/www.olivierdarock.com\/photography\/?s={search_term_string}\"},\"query-input\":\"required name=search_term_string\"}],\"inLanguage\":\"fr-FR\"}]}<\/script>\n<!-- \/ Yoast SEO plugin. -->","yoast_head_json":{"title":"Tarifs photos book - Photographe \/ Graphiste Freelance Montpellier","robots":{"index":"index","follow":"follow","max-snippet":"max-snippet:-1","max-image-preview":"max-image-preview:large","max-video-preview":"max-video-preview:-1"},"canonical":"https:\/\/www.olivierdarock.com\/photography\/tarifs-photos-book\/","og_locale":"fr_FR","og_type":"article","og_title":"Tarifs photos book - Photographe \/ Graphiste Freelance Montpellier","og_description":"[vc_row][vc_column][\/vc_column][\/vc_row]","og_url":"https:\/\/www.olivierdarock.com\/photography\/tarifs-photos-book\/","og_site_name":"Photographe \/ Graphiste Freelance Montpellier","article_publisher":"http:\/\/www.facebook.com\/olivierdarockphotography","article_modified_time":"2018-05-17T09:34:04+00:00","og_image":[{"width":2000,"height":1335,"url":"https:\/\/www.olivierdarock.com\/photography\/wp-content\/uploads\/2018\/09\/mariage-aurelie-christophe-mairie-eglise-villeneuve-les-maguelone.jpg","type":"image\/jpeg"}],"twitter_card":"summary_large_image","twitter_misc":{"Dur\u00e9e de lecture estim\u00e9e":"3 minutes"},"schema":{"@context":"https:\/\/schema.org","@graph":[{"@type":"WebPage","@id":"https:\/\/www.olivierdarock.com\/photography\/tarifs-photos-book\/","url":"https:\/\/www.olivierdarock.com\/photography\/tarifs-photos-book\/","name":"Tarifs photos book - Photographe \/ Graphiste Freelance Montpellier","isPartOf":{"@id":"https:\/\/www.olivierdarock.com\/photography\/#website"},"datePublished":"2018-05-10T07:40:53+00:00","dateModified":"2018-05-17T09:34:04+00:00","breadcrumb":{"@id":"https:\/\/www.olivierdarock.com\/photography\/tarifs-photos-book\/#breadcrumb"},"inLanguage":"fr-FR","potentialAction":[{"@type":"ReadAction","target":["https:\/\/www.olivierdarock.com\/photography\/tarifs-photos-book\/"]}]},{"@type":"BreadcrumbList","@id":"https:\/\/www.olivierdarock.com\/photography\/tarifs-photos-book\/#breadcrumb","itemListElement":[{"@type":"ListItem","position":1,"name":"Accueil","item":"https:\/\/www.olivierdarock.com\/photography\/"},{"@type":"ListItem","position":2,"name":"Tarifs photos book"}]},{"@type":"WebSite","@id":"https:\/\/www.olivierdarock.com\/photography\/#website","url":"https:\/\/www.olivierdarock.com\/photography\/","name":"Photographe \/ Graphiste Freelance Montpellier","description":"Photographe \/ Graphiste Freelance Montpellier","potentialAction":[{"@type":"SearchAction","target":{"@type":"EntryPoint","urlTemplate":"https:\/\/www.olivierdarock.com\/photography\/?s={search_term_string}"},"query-input":"required name=search_term_string"}],"inLanguage":"fr-FR"}]}},"amp_enabled":false,"_links":{"self":[{"href":"https:\/\/www.olivierdarock.com\/photography\/wp-json\/wp\/v2\/pages\/4907","targetHints":{"allow":["GET"]}}],"collection":[{"href":"https:\/\/www.olivierdarock.com\/photography\/wp-json\/wp\/v2\/pages"}],"about":[{"href":"https:\/\/www.olivierdarock.com\/photography\/wp-json\/wp\/v2\/types\/page"}],"author":[{"embeddable":true,"href":"https:\/\/www.olivierdarock.com\/photography\/wp-json\/wp\/v2\/users\/1"}],"replies":[{"embeddable":true,"href":"https:\/\/www.olivierdarock.com\/photography\/wp-json\/wp\/v2\/comments?post=4907"}],"version-history":[{"count":0,"href":"https:\/\/www.olivierdarock.com\/photography\/wp-json\/wp\/v2\/pages\/4907\/revisions"}],"wp:attachment":[{"href":"https:\/\/www.olivierdarock.com\/photography\/wp-json\/wp\/v2\/media?parent=4907"}],"curies":[{"name":"wp","href":"https:\/\/api.w.org\/{rel}","templated":true}]}}