{"id":4893,"date":"2018-05-08T11:54:32","date_gmt":"2018-05-08T11:54:32","guid":{"rendered":"http:\/\/www.olivierdarock.com\/photography\/?page_id=4893"},"modified":"2018-05-08T11:59:35","modified_gmt":"2018-05-08T11:59:35","slug":"photos-evenementiel","status":"publish","type":"page","link":"https:\/\/www.olivierdarock.com\/photography\/photos-evenementiel\/","title":{"rendered":"Photos \u00e9v\u00e9nementiel"},"content":{"rendered":"<p>[vc_row][vc_column][vc_column_text]<\/p>\n<div class=\"wpb_text_column wpb_content_element \">\n<div class=\"wpb_wrapper\">\n<h3 class=\"p1\">Je vous accompagne dans la r\u00e9alisation de vos reportages photos \u00e9v\u00e9nementiels sur tous types d\u2019\u00e9v\u00e9nements<\/h3>\n<p class=\"p1\"><b>Soir\u00e9e d\u2019entreprise, lancement de produit, salon professionnel, s\u00e9minaire, convention, op\u00e9ration marketing, animation boutique, roadshow, anniversaire, mariage, soir\u00e9e priv\u00e9e \u2026<\/b><\/p>\n<p class=\"p1\"><b>Shooting Photocall, reportage, photographe circulant\u2026<\/b><br \/>\nJe mets \u00e0 disposition mon savoir faire et mon exp\u00e9rience en vous accompagnant tout au long de votre projet et dans la concr\u00e9tisation de celui-ci.<\/p>\n<\/div>\n<\/div>\n<div class=\"vc_grid-container-wrapper vc_clearfix\">\n<div class=\"vc_grid-container vc_clearfix wpb_content_element vc_masonry_media_grid\" data-initial-loading-animation=\"zoomIn\" data-vc-grid-settings=\"{&quot;page_id&quot;:4670,&quot;style&quot;:&quot;lazy-masonry&quot;,&quot;action&quot;:&quot;vc_get_vc_grid_data&quot;,&quot;shortcode_id&quot;:&quot;1525722622007-f479d4b7-1a3c-1&quot;,&quot;items_per_page&quot;:&quot;10&quot;,&quot;tag&quot;:&quot;vc_masonry_media_grid&quot;}\" data-vc-request=\"http:\/\/www.olivierdarock.com\/photography\/wp-admin\/admin-ajax.php\" data-vc-post-id=\"4670\" data-vc-public-nonce=\"1f6b5ecc0f\">\n<div class=\"vc_grid vc_row vc_grid-gutter-5px vc_pageable-wrapper vc_hook_hover\" data-vc-pageable-content=\"true\">\n<div class=\"vc_pageable-slide-wrapper vc_clearfix\" data-vc-grid-content=\"true\">\n<div class=\"vc_grid-item vc_clearfix vc_col-sm-4 vc_grid_filter-item vc_visible-item\">\n<div class=\"vc_grid-item-mini vc_clearfix \">\n<div class=\"vc_gitem-animated-block \">\n<div class=\"vc_gitem-zone vc_gitem-zone-a vc_gitem-is-link\"><\/div>\n<\/div>\n<\/div>\n<\/div>\n<\/div>\n<\/div>\n<\/div>\n<\/div>\n<p>[\/vc_column_text][\/vc_column][\/vc_row][vc_row][vc_column width=\u00a0\u00bb1\/2&Prime;][vc_btn title=\u00a0\u00bbVoir la galerie\u00a0\u00bb style=\u00a0\u00bb3d\u00a0\u00bb color=\u00a0\u00bbchino\u00a0\u00bb align=\u00a0\u00bbcenter\u00a0\u00bb i_icon_fontawesome=\u00a0\u00bbfa fa-eye\u00a0\u00bb css_animation=\u00a0\u00bbslideInUp\u00a0\u00bb button_block=\u00a0\u00bbtrue\u00a0\u00bb add_icon=\u00a0\u00bbtrue\u00a0\u00bb link=\u00a0\u00bburl:http%3A%2F%2Fwww.olivierdarock.com%2Fphotography%2Fphotographe-evenementiel%2F|||\u00a0\u00bb][\/vc_column][vc_column width=\u00a0\u00bb1\/2&Prime;][vc_btn title=\u00a0\u00bbDemandez votre devis gratuit\u00a0\u00bb style=\u00a0\u00bb3d\u00a0\u00bb color=\u00a0\u00bbchino\u00a0\u00bb align=\u00a0\u00bbcenter\u00a0\u00bb i_icon_fontawesome=\u00a0\u00bbfa fa-arrow-circle-o-down\u00a0\u00bb css_animation=\u00a0\u00bbslideInUp\u00a0\u00bb button_block=\u00a0\u00bbtrue\u00a0\u00bb add_icon=\u00a0\u00bbtrue\u00a0\u00bb link=\u00a0\u00bburl:http%3A%2F%2Fwww.olivierdarock.com%2Fphotography%2Fcontact%2F|||\u00a0\u00bb][\/vc_column][\/vc_row]<\/p>\n","protected":false},"excerpt":{"rendered":"<p>[vc_row][vc_column][vc_column_text] Je vous accompagne dans la r\u00e9alisation de vos reportages photos \u00e9v\u00e9nementiels sur tous types d\u2019\u00e9v\u00e9nements Soir\u00e9e d\u2019entreprise, lancement de produit, salon professionnel, s\u00e9minaire, convention, op\u00e9ration marketing, animation boutique, roadshow, anniversaire, mariage, soir\u00e9e priv\u00e9e \u2026 Shooting Photocall, reportage, photographe circulant\u2026 Je mets \u00e0 disposition mon savoir faire et mon exp\u00e9rience en vous accompagnant tout au [&hellip;]<\/p>\n","protected":false},"author":1,"featured_media":0,"parent":0,"menu_order":0,"comment_status":"closed","ping_status":"closed","template":"template-fullwidth.php","meta":{"footnotes":""},"class_list":["post-4893","page","type-page","status-publish","hentry"],"acf":[],"yoast_head":"<!-- This site is optimized with the Yoast SEO plugin v20.2.1 - https:\/\/yoast.com\/wordpress\/plugins\/seo\/ -->\n<title>Photos \u00e9v\u00e9nementiel - Photographe \/ Graphiste Freelance Montpellier<\/title>\n<meta name=\"robots\" content=\"index, follow, max-snippet:-1, max-image-preview:large, max-video-preview:-1\" \/>\n<link rel=\"canonical\" href=\"https:\/\/www.olivierdarock.com\/photography\/photos-evenementiel\/\" \/>\n<meta property=\"og:locale\" content=\"fr_FR\" \/>\n<meta property=\"og:type\" content=\"article\" \/>\n<meta property=\"og:title\" content=\"Photos \u00e9v\u00e9nementiel - Photographe \/ Graphiste Freelance Montpellier\" \/>\n<meta property=\"og:description\" content=\"[vc_row][vc_column][vc_column_text] Je vous accompagne dans la r\u00e9alisation de vos reportages photos \u00e9v\u00e9nementiels sur tous types d\u2019\u00e9v\u00e9nements Soir\u00e9e d\u2019entreprise, lancement de produit, salon professionnel, s\u00e9minaire, convention, op\u00e9ration marketing, animation boutique, roadshow, anniversaire, mariage, soir\u00e9e priv\u00e9e \u2026 Shooting Photocall, reportage, photographe circulant\u2026 Je mets \u00e0 disposition mon savoir faire et mon exp\u00e9rience en vous accompagnant tout au [&hellip;]\" \/>\n<meta property=\"og:url\" content=\"https:\/\/www.olivierdarock.com\/photography\/photos-evenementiel\/\" \/>\n<meta property=\"og:site_name\" content=\"Photographe \/ Graphiste Freelance Montpellier\" \/>\n<meta property=\"article:publisher\" content=\"http:\/\/www.facebook.com\/olivierdarockphotography\" \/>\n<meta property=\"article:modified_time\" content=\"2018-05-08T11:59:35+00:00\" \/>\n<meta property=\"og:image\" content=\"https:\/\/www.olivierdarock.com\/photography\/wp-content\/uploads\/2018\/09\/mariage-aurelie-christophe-mairie-eglise-villeneuve-les-maguelone.jpg\" \/>\n\t<meta property=\"og:image:width\" content=\"2000\" \/>\n\t<meta property=\"og:image:height\" content=\"1335\" \/>\n\t<meta property=\"og:image:type\" content=\"image\/jpeg\" \/>\n<meta name=\"twitter:card\" content=\"summary_large_image\" \/>\n<meta name=\"twitter:label1\" content=\"Dur\u00e9e de lecture estim\u00e9e\" \/>\n\t<meta name=\"twitter:data1\" content=\"1 minute\" \/>\n<script type=\"application\/ld+json\" class=\"yoast-schema-graph\">{\"@context\":\"https:\/\/schema.org\",\"@graph\":[{\"@type\":\"WebPage\",\"@id\":\"https:\/\/www.olivierdarock.com\/photography\/photos-evenementiel\/\",\"url\":\"https:\/\/www.olivierdarock.com\/photography\/photos-evenementiel\/\",\"name\":\"Photos \u00e9v\u00e9nementiel - Photographe \/ Graphiste Freelance Montpellier\",\"isPartOf\":{\"@id\":\"https:\/\/www.olivierdarock.com\/photography\/#website\"},\"datePublished\":\"2018-05-08T11:54:32+00:00\",\"dateModified\":\"2018-05-08T11:59:35+00:00\",\"breadcrumb\":{\"@id\":\"https:\/\/www.olivierdarock.com\/photography\/photos-evenementiel\/#breadcrumb\"},\"inLanguage\":\"fr-FR\",\"potentialAction\":[{\"@type\":\"ReadAction\",\"target\":[\"https:\/\/www.olivierdarock.com\/photography\/photos-evenementiel\/\"]}]},{\"@type\":\"BreadcrumbList\",\"@id\":\"https:\/\/www.olivierdarock.com\/photography\/photos-evenementiel\/#breadcrumb\",\"itemListElement\":[{\"@type\":\"ListItem\",\"position\":1,\"name\":\"Accueil\",\"item\":\"https:\/\/www.olivierdarock.com\/photography\/\"},{\"@type\":\"ListItem\",\"position\":2,\"name\":\"Photos \u00e9v\u00e9nementiel\"}]},{\"@type\":\"WebSite\",\"@id\":\"https:\/\/www.olivierdarock.com\/photography\/#website\",\"url\":\"https:\/\/www.olivierdarock.com\/photography\/\",\"name\":\"Photographe \/ Graphiste Freelance Montpellier\",\"description\":\"Photographe \/ Graphiste Freelance Montpellier\",\"potentialAction\":[{\"@type\":\"SearchAction\",\"target\":{\"@type\":\"EntryPoint\",\"urlTemplate\":\"https:\/\/www.olivierdarock.com\/photography\/?s={search_term_string}\"},\"query-input\":\"required name=search_term_string\"}],\"inLanguage\":\"fr-FR\"}]}<\/script>\n<!-- \/ Yoast SEO plugin. -->","yoast_head_json":{"title":"Photos \u00e9v\u00e9nementiel - Photographe \/ Graphiste Freelance Montpellier","robots":{"index":"index","follow":"follow","max-snippet":"max-snippet:-1","max-image-preview":"max-image-preview:large","max-video-preview":"max-video-preview:-1"},"canonical":"https:\/\/www.olivierdarock.com\/photography\/photos-evenementiel\/","og_locale":"fr_FR","og_type":"article","og_title":"Photos \u00e9v\u00e9nementiel - Photographe \/ Graphiste Freelance Montpellier","og_description":"[vc_row][vc_column][vc_column_text] Je vous accompagne dans la r\u00e9alisation de vos reportages photos \u00e9v\u00e9nementiels sur tous types d\u2019\u00e9v\u00e9nements Soir\u00e9e d\u2019entreprise, lancement de produit, salon professionnel, s\u00e9minaire, convention, op\u00e9ration marketing, animation boutique, roadshow, anniversaire, mariage, soir\u00e9e priv\u00e9e \u2026 Shooting Photocall, reportage, photographe circulant\u2026 Je mets \u00e0 disposition mon savoir faire et mon exp\u00e9rience en vous accompagnant tout au [&hellip;]","og_url":"https:\/\/www.olivierdarock.com\/photography\/photos-evenementiel\/","og_site_name":"Photographe \/ Graphiste Freelance Montpellier","article_publisher":"http:\/\/www.facebook.com\/olivierdarockphotography","article_modified_time":"2018-05-08T11:59:35+00:00","og_image":[{"width":2000,"height":1335,"url":"https:\/\/www.olivierdarock.com\/photography\/wp-content\/uploads\/2018\/09\/mariage-aurelie-christophe-mairie-eglise-villeneuve-les-maguelone.jpg","type":"image\/jpeg"}],"twitter_card":"summary_large_image","twitter_misc":{"Dur\u00e9e de lecture estim\u00e9e":"1 minute"},"schema":{"@context":"https:\/\/schema.org","@graph":[{"@type":"WebPage","@id":"https:\/\/www.olivierdarock.com\/photography\/photos-evenementiel\/","url":"https:\/\/www.olivierdarock.com\/photography\/photos-evenementiel\/","name":"Photos \u00e9v\u00e9nementiel - Photographe \/ Graphiste Freelance Montpellier","isPartOf":{"@id":"https:\/\/www.olivierdarock.com\/photography\/#website"},"datePublished":"2018-05-08T11:54:32+00:00","dateModified":"2018-05-08T11:59:35+00:00","breadcrumb":{"@id":"https:\/\/www.olivierdarock.com\/photography\/photos-evenementiel\/#breadcrumb"},"inLanguage":"fr-FR","potentialAction":[{"@type":"ReadAction","target":["https:\/\/www.olivierdarock.com\/photography\/photos-evenementiel\/"]}]},{"@type":"BreadcrumbList","@id":"https:\/\/www.olivierdarock.com\/photography\/photos-evenementiel\/#breadcrumb","itemListElement":[{"@type":"ListItem","position":1,"name":"Accueil","item":"https:\/\/www.olivierdarock.com\/photography\/"},{"@type":"ListItem","position":2,"name":"Photos \u00e9v\u00e9nementiel"}]},{"@type":"WebSite","@id":"https:\/\/www.olivierdarock.com\/photography\/#website","url":"https:\/\/www.olivierdarock.com\/photography\/","name":"Photographe \/ Graphiste Freelance Montpellier","description":"Photographe \/ Graphiste Freelance Montpellier","potentialAction":[{"@type":"SearchAction","target":{"@type":"EntryPoint","urlTemplate":"https:\/\/www.olivierdarock.com\/photography\/?s={search_term_string}"},"query-input":"required name=search_term_string"}],"inLanguage":"fr-FR"}]}},"amp_enabled":false,"_links":{"self":[{"href":"https:\/\/www.olivierdarock.com\/photography\/wp-json\/wp\/v2\/pages\/4893","targetHints":{"allow":["GET"]}}],"collection":[{"href":"https:\/\/www.olivierdarock.com\/photography\/wp-json\/wp\/v2\/pages"}],"about":[{"href":"https:\/\/www.olivierdarock.com\/photography\/wp-json\/wp\/v2\/types\/page"}],"author":[{"embeddable":true,"href":"https:\/\/www.olivierdarock.com\/photography\/wp-json\/wp\/v2\/users\/1"}],"replies":[{"embeddable":true,"href":"https:\/\/www.olivierdarock.com\/photography\/wp-json\/wp\/v2\/comments?post=4893"}],"version-history":[{"count":0,"href":"https:\/\/www.olivierdarock.com\/photography\/wp-json\/wp\/v2\/pages\/4893\/revisions"}],"wp:attachment":[{"href":"https:\/\/www.olivierdarock.com\/photography\/wp-json\/wp\/v2\/media?parent=4893"}],"curies":[{"name":"wp","href":"https:\/\/api.w.org\/{rel}","templated":true}]}}