{"id":4864,"date":"2018-05-08T09:34:00","date_gmt":"2018-05-08T09:34:00","guid":{"rendered":"http:\/\/www.olivierdarock.com\/photography\/?page_id=4864"},"modified":"2018-12-29T11:58:56","modified_gmt":"2018-12-29T10:58:56","slug":"photographe-entreprise-montpellier","status":"publish","type":"page","link":"https:\/\/www.olivierdarock.com\/photography\/photographe-entreprise-montpellier\/","title":{"rendered":"Photographe entreprise Montpellier"},"content":{"rendered":"<p>[vc_row][vc_column][vc_cta h2=\u00a0\u00bbLes contenus agr\u00e9ment\u00e9s de photos augmentent leur visibilit\u00e9 de 94 % et sont 40 fois plus partag\u00e9s.\u00a0\u00bb h4=\u00a0\u00bbLes raisons de faire appel \u00e0 un photographe professionnel pour votre entreprise.\u00a0\u00bb txt_align=\u00a0\u00bbcenter\u00a0\u00bb style=\u00a0\u00bb3d\u00a0\u00bb color=\u00a0\u00bborange\u00a0\u00bb][\/vc_cta][\/vc_column][\/vc_row][vc_row margin_top=\u00a0\u00bb0&Prime; margin_bottom=\u00a0\u00bb30&Prime; padding_top=\u00a0\u00bb0&Prime; padding_bottom=\u00a0\u00bb0&Prime;][vc_column][vc_column_text]<\/p>\n<h5 style=\"text-align: center;\">1\/ Montrer vos collaborateurs sous leur meilleur jour<br \/>\n2\/ Donner la meilleure image de votre entreprise<br \/>\n3\/ Faire d\u00e9couvrir votre univers<\/h5>\n<p>[\/vc_column_text][\/vc_column][\/vc_row][vc_row margin_top=\u00a0\u00bb0&Prime; margin_bottom=\u00a0\u00bb30&Prime; padding_top=\u00a0\u00bb0&Prime; padding_bottom=\u00a0\u00bb0&Prime;][vc_column][vc_column_text]<\/p>\n<h2 style=\"text-align: left;\"><strong>1\/ Montrer vos collaborateurs sous leur meilleur jour<\/strong><\/h2>\n<p class=\"p1\">Vous savez qu\u2019il est important de pr\u00e9senter votre \u00e9quipe, afin de montrer d\u2019embl\u00e9e le c\u00f4t\u00e9 humain de votre business et de vous rendre plus accessible.<br \/>\nMais si vous allez aussi loin dans la d\u00e9marche, pourquoi tout g\u00e2cher par des photos mal cadr\u00e9es, mal \u00e9clair\u00e9es, mal retouch\u00e9es\u00a0?<br \/>\nChoisissez plut\u00f4t une photo professionnelle de qualit\u00e9\u00a0: son c\u00f4t\u00e9 soign\u00e9 refl\u00e8tera votre s\u00e9rieux et votre engagement.<\/p>\n<p>[\/vc_column_text][\/vc_column][\/vc_row][vc_row margin_top=\u00a0\u00bb0&Prime; margin_bottom=\u00a0\u00bb30&Prime; padding_top=\u00a0\u00bb0&Prime; padding_bottom=\u00a0\u00bb0&Prime;][vc_column width=\u00a0\u00bb1\/3&Prime;][vc_single_image image=\u00a0\u00bb4620&Prime; img_size=\u00a0\u00bblarge\u00a0\u00bb][\/vc_column][vc_column width=\u00a0\u00bb1\/3&Prime;][vc_single_image image=\u00a0\u00bb4618&Prime; img_size=\u00a0\u00bblarge\u00a0\u00bb alignment=\u00a0\u00bbcenter\u00a0\u00bb][\/vc_column][vc_column width=\u00a0\u00bb1\/3&Prime;][vc_single_image image=\u00a0\u00bb4614&Prime; img_size=\u00a0\u00bblarge\u00a0\u00bb][\/vc_column][\/vc_row][vc_row margin_top=\u00a0\u00bb0&Prime; margin_bottom=\u00a0\u00bb30&Prime; padding_top=\u00a0\u00bb0&Prime; padding_bottom=\u00a0\u00bb0&Prime;][vc_column][vc_column_text]<\/p>\n<h3 class=\"p1\"><b>2\/ DONNER LA MEILLEURE IMAGE DE VOTRE ENTREPRISE<\/b><\/h3>\n<p class=\"p1\">Par mon \u00e9coute, je vous aiderai \u00e0 mettre en sc\u00e8ne votre <a href=\"https:\/\/www.olivierdarock.com\/photography\/graphiste-freelance-montpellier\/\">identit\u00e9<\/a> pour la rendre claire et attrayante aupr\u00e8s des prospects et de vos clients.<\/p>\n<p class=\"p1\">Faites les entrer dans votre univers !<\/p>\n<p>[\/vc_column_text][\/vc_column][\/vc_row][vc_row margin_top=\u00a0\u00bb0&Prime; margin_bottom=\u00a0\u00bb30&Prime; padding_top=\u00a0\u00bb0&Prime; padding_bottom=\u00a0\u00bb0&Prime;][vc_column width=\u00a0\u00bb1\/2&Prime;][vc_single_image image=\u00a0\u00bb4616&Prime; img_size=\u00a0\u00bbfull\u00a0\u00bb][\/vc_column][vc_column width=\u00a0\u00bb1\/2&Prime;][vc_single_image image=\u00a0\u00bb4561&Prime; img_size=\u00a0\u00bbfull\u00a0\u00bb][\/vc_column][\/vc_row][vc_row margin_top=\u00a0\u00bb0&Prime; margin_bottom=\u00a0\u00bb30&Prime; padding_top=\u00a0\u00bb0&Prime; padding_bottom=\u00a0\u00bb0&Prime;][vc_column][vc_column_text]<\/p>\n<h3 class=\"p1\"><b>3\/ FAIRE DECOUVRIR VOTRE UNIVERS<\/b><\/h3>\n<p class=\"p1\">Faites parler de vous, montrez que votre entreprise vit, montrer ce que vous faites, ce qu\u2019il s\u2019y passe ! En interne, comme en externe.<\/p>\n<p class=\"p1\">Montrez pourquoi c\u2019est g\u00e9nial de travailler avec ou chez vous et pourquoi on peut vous faire confiance.<\/p>\n<p class=\"p1\">Je r\u00e9alise des reportages photo qui vous permettront de partager vos r\u00e9alisations (chantier, campagnes, produits, \u2026) et vos \u00e9v\u00e9nements (lancement de produits, team-building, f\u00eates du personnel, \u2026), ou m\u00eame tout simplement une journ\u00e9e au c\u0153ur de votre activit\u00e9. A chaque fois, j\u2019apporte le petit \u00ab\u00a0plus\u00a0\u00bb qui suscitera l\u2019envie de vous conna\u00eetre.<\/p>\n<p>[\/vc_column_text][\/vc_column][\/vc_row][vc_row margin_top=\u00a0\u00bb0&Prime; margin_bottom=\u00a0\u00bb30&Prime; padding_top=\u00a0\u00bb0&Prime; padding_bottom=\u00a0\u00bb0&Prime;][vc_column width=\u00a0\u00bb1\/2&Prime;][vc_single_image image=\u00a0\u00bb4436&Prime; img_size=\u00a0\u00bbfull\u00a0\u00bb][\/vc_column][vc_column width=\u00a0\u00bb1\/2&Prime;][vc_single_image image=\u00a0\u00bb4635&Prime; img_size=\u00a0\u00bbfull\u00a0\u00bb][\/vc_column][\/vc_row][vc_row][vc_column width=\u00a0\u00bb1\/2&Prime;][vc_btn title=\u00a0\u00bbVoir la galerie\u00a0\u00bb style=\u00a0\u00bb3d\u00a0\u00bb color=\u00a0\u00bbchino\u00a0\u00bb size=\u00a0\u00bblg\u00a0\u00bb align=\u00a0\u00bbcenter\u00a0\u00bb i_icon_fontawesome=\u00a0\u00bbfa fa-eye\u00a0\u00bb css_animation=\u00a0\u00bbfadeInUp\u00a0\u00bb button_block=\u00a0\u00bbtrue\u00a0\u00bb add_icon=\u00a0\u00bbtrue\u00a0\u00bb link=\u00a0\u00bburl:http%3A%2F%2Fwww.olivierdarock.com%2Fphotography%2Fphotographe-entreprise%2F|||\u00a0\u00bb][\/vc_column][vc_column width=\u00a0\u00bb1\/2&Prime;][vc_btn title=\u00a0\u00bbContactez moi\u00a0\u00bb style=\u00a0\u00bb3d\u00a0\u00bb color=\u00a0\u00bbchino\u00a0\u00bb size=\u00a0\u00bblg\u00a0\u00bb align=\u00a0\u00bbcenter\u00a0\u00bb i_icon_fontawesome=\u00a0\u00bbfa fa-eye\u00a0\u00bb css_animation=\u00a0\u00bbfadeInUp\u00a0\u00bb button_block=\u00a0\u00bbtrue\u00a0\u00bb add_icon=\u00a0\u00bbtrue\u00a0\u00bb link=\u00a0\u00bburl:http%3A%2F%2Fwww.olivierdarock.com%2Fphotography%2Fcontact%2F|||\u00a0\u00bb][\/vc_column][\/vc_row]<\/p>\n","protected":false},"excerpt":{"rendered":"<p>[vc_row][vc_column][vc_cta h2=\u00a0\u00bbLes contenus agr\u00e9ment\u00e9s de photos augmentent leur visibilit\u00e9 de 94 % et sont 40 fois plus partag\u00e9s.\u00a0\u00bb h4=\u00a0\u00bbLes raisons de faire appel \u00e0 un photographe professionnel pour votre entreprise.\u00a0\u00bb txt_align=\u00a0\u00bbcenter\u00a0\u00bb style=\u00a0\u00bb3d\u00a0\u00bb color=\u00a0\u00bborange\u00a0\u00bb][\/vc_cta][\/vc_column][\/vc_row][vc_row margin_top=\u00a0\u00bb0&Prime; margin_bottom=\u00a0\u00bb30&Prime; padding_top=\u00a0\u00bb0&Prime; padding_bottom=\u00a0\u00bb0&Prime;][vc_column][vc_column_text] 1\/ Montrer vos collaborateurs sous leur meilleur jour 2\/ Donner la meilleure image de votre entreprise 3\/ Faire [&hellip;]<\/p>\n","protected":false},"author":1,"featured_media":4967,"parent":0,"menu_order":0,"comment_status":"closed","ping_status":"closed","template":"template-fullwidth.php","meta":{"footnotes":""},"class_list":["post-4864","page","type-page","status-publish","has-post-thumbnail","hentry"],"acf":[],"yoast_head":"<!-- This site is optimized with the Yoast SEO plugin v20.2.1 - https:\/\/yoast.com\/wordpress\/plugins\/seo\/ -->\n<title>Photographe entreprise Montpellier - Photographe \/ Graphiste Freelance Montpellier<\/title>\n<meta name=\"description\" content=\"Vous souhaitez offrir une photo professionnelle aux membres de votre \u00e9quipe, pour votre site mais \u00e9galement pour leur profil Linkedin, pourquoi ne pas en profiter pour refl\u00e9ter votre univers ? Photographe entreprise sur Montpellier, H\u00e9rault, Occitanie...\" \/>\n<meta name=\"robots\" content=\"index, follow, max-snippet:-1, max-image-preview:large, max-video-preview:-1\" \/>\n<link rel=\"canonical\" href=\"https:\/\/www.olivierdarock.com\/photography\/photographe-entreprise-montpellier\/\" \/>\n<meta property=\"og:locale\" content=\"fr_FR\" \/>\n<meta property=\"og:type\" content=\"article\" \/>\n<meta property=\"og:title\" content=\"Photographe entreprise Montpellier - Photographe \/ Graphiste Freelance Montpellier\" \/>\n<meta property=\"og:description\" content=\"Vous souhaitez offrir une photo professionnelle aux membres de votre \u00e9quipe, pour votre site mais \u00e9galement pour leur profil Linkedin, pourquoi ne pas en profiter pour refl\u00e9ter votre univers ? Photographe entreprise sur Montpellier, H\u00e9rault, Occitanie...\" \/>\n<meta property=\"og:url\" content=\"https:\/\/www.olivierdarock.com\/photography\/photographe-entreprise-montpellier\/\" \/>\n<meta property=\"og:site_name\" content=\"Photographe \/ Graphiste Freelance Montpellier\" \/>\n<meta property=\"article:publisher\" content=\"http:\/\/www.facebook.com\/olivierdarockphotography\" \/>\n<meta property=\"article:modified_time\" content=\"2018-12-29T10:58:56+00:00\" \/>\n<meta property=\"og:image\" content=\"https:\/\/www.olivierdarock.com\/photography\/wp-content\/uploads\/2018\/05\/Acredit-Courtage-Castelnau-le-Lez.jpg\" \/>\n\t<meta property=\"og:image:width\" content=\"1200\" \/>\n\t<meta property=\"og:image:height\" content=\"801\" \/>\n\t<meta property=\"og:image:type\" content=\"image\/jpeg\" \/>\n<meta name=\"twitter:card\" content=\"summary_large_image\" \/>\n<meta name=\"twitter:label1\" content=\"Dur\u00e9e de lecture estim\u00e9e\" \/>\n\t<meta name=\"twitter:data1\" content=\"3 minutes\" \/>\n<script type=\"application\/ld+json\" class=\"yoast-schema-graph\">{\"@context\":\"https:\/\/schema.org\",\"@graph\":[{\"@type\":\"WebPage\",\"@id\":\"https:\/\/www.olivierdarock.com\/photography\/photographe-entreprise-montpellier\/\",\"url\":\"https:\/\/www.olivierdarock.com\/photography\/photographe-entreprise-montpellier\/\",\"name\":\"Photographe entreprise Montpellier - Photographe \/ Graphiste Freelance Montpellier\",\"isPartOf\":{\"@id\":\"https:\/\/www.olivierdarock.com\/photography\/#website\"},\"datePublished\":\"2018-05-08T09:34:00+00:00\",\"dateModified\":\"2018-12-29T10:58:56+00:00\",\"description\":\"Vous souhaitez offrir une photo professionnelle aux membres de votre \u00e9quipe, pour votre site mais \u00e9galement pour leur profil Linkedin, pourquoi ne pas en profiter pour refl\u00e9ter votre univers ? Photographe entreprise sur Montpellier, H\u00e9rault, Occitanie...\",\"breadcrumb\":{\"@id\":\"https:\/\/www.olivierdarock.com\/photography\/photographe-entreprise-montpellier\/#breadcrumb\"},\"inLanguage\":\"fr-FR\",\"potentialAction\":[{\"@type\":\"ReadAction\",\"target\":[\"https:\/\/www.olivierdarock.com\/photography\/photographe-entreprise-montpellier\/\"]}]},{\"@type\":\"BreadcrumbList\",\"@id\":\"https:\/\/www.olivierdarock.com\/photography\/photographe-entreprise-montpellier\/#breadcrumb\",\"itemListElement\":[{\"@type\":\"ListItem\",\"position\":1,\"name\":\"Accueil\",\"item\":\"https:\/\/www.olivierdarock.com\/photography\/\"},{\"@type\":\"ListItem\",\"position\":2,\"name\":\"Photographe entreprise Montpellier\"}]},{\"@type\":\"WebSite\",\"@id\":\"https:\/\/www.olivierdarock.com\/photography\/#website\",\"url\":\"https:\/\/www.olivierdarock.com\/photography\/\",\"name\":\"Photographe \/ Graphiste Freelance Montpellier\",\"description\":\"Photographe \/ Graphiste Freelance Montpellier\",\"potentialAction\":[{\"@type\":\"SearchAction\",\"target\":{\"@type\":\"EntryPoint\",\"urlTemplate\":\"https:\/\/www.olivierdarock.com\/photography\/?s={search_term_string}\"},\"query-input\":\"required name=search_term_string\"}],\"inLanguage\":\"fr-FR\"}]}<\/script>\n<!-- \/ Yoast SEO plugin. -->","yoast_head_json":{"title":"Photographe entreprise Montpellier - Photographe \/ Graphiste Freelance Montpellier","description":"Vous souhaitez offrir une photo professionnelle aux membres de votre \u00e9quipe, pour votre site mais \u00e9galement pour leur profil Linkedin, pourquoi ne pas en profiter pour refl\u00e9ter votre univers ? Photographe entreprise sur Montpellier, H\u00e9rault, Occitanie...","robots":{"index":"index","follow":"follow","max-snippet":"max-snippet:-1","max-image-preview":"max-image-preview:large","max-video-preview":"max-video-preview:-1"},"canonical":"https:\/\/www.olivierdarock.com\/photography\/photographe-entreprise-montpellier\/","og_locale":"fr_FR","og_type":"article","og_title":"Photographe entreprise Montpellier - Photographe \/ Graphiste Freelance Montpellier","og_description":"Vous souhaitez offrir une photo professionnelle aux membres de votre \u00e9quipe, pour votre site mais \u00e9galement pour leur profil Linkedin, pourquoi ne pas en profiter pour refl\u00e9ter votre univers ? Photographe entreprise sur Montpellier, H\u00e9rault, Occitanie...","og_url":"https:\/\/www.olivierdarock.com\/photography\/photographe-entreprise-montpellier\/","og_site_name":"Photographe \/ Graphiste Freelance Montpellier","article_publisher":"http:\/\/www.facebook.com\/olivierdarockphotography","article_modified_time":"2018-12-29T10:58:56+00:00","og_image":[{"width":1200,"height":801,"url":"https:\/\/www.olivierdarock.com\/photography\/wp-content\/uploads\/2018\/05\/Acredit-Courtage-Castelnau-le-Lez.jpg","type":"image\/jpeg"}],"twitter_card":"summary_large_image","twitter_misc":{"Dur\u00e9e de lecture estim\u00e9e":"3 minutes"},"schema":{"@context":"https:\/\/schema.org","@graph":[{"@type":"WebPage","@id":"https:\/\/www.olivierdarock.com\/photography\/photographe-entreprise-montpellier\/","url":"https:\/\/www.olivierdarock.com\/photography\/photographe-entreprise-montpellier\/","name":"Photographe entreprise Montpellier - Photographe \/ Graphiste Freelance Montpellier","isPartOf":{"@id":"https:\/\/www.olivierdarock.com\/photography\/#website"},"datePublished":"2018-05-08T09:34:00+00:00","dateModified":"2018-12-29T10:58:56+00:00","description":"Vous souhaitez offrir une photo professionnelle aux membres de votre \u00e9quipe, pour votre site mais \u00e9galement pour leur profil Linkedin, pourquoi ne pas en profiter pour refl\u00e9ter votre univers ? Photographe entreprise sur Montpellier, H\u00e9rault, Occitanie...","breadcrumb":{"@id":"https:\/\/www.olivierdarock.com\/photography\/photographe-entreprise-montpellier\/#breadcrumb"},"inLanguage":"fr-FR","potentialAction":[{"@type":"ReadAction","target":["https:\/\/www.olivierdarock.com\/photography\/photographe-entreprise-montpellier\/"]}]},{"@type":"BreadcrumbList","@id":"https:\/\/www.olivierdarock.com\/photography\/photographe-entreprise-montpellier\/#breadcrumb","itemListElement":[{"@type":"ListItem","position":1,"name":"Accueil","item":"https:\/\/www.olivierdarock.com\/photography\/"},{"@type":"ListItem","position":2,"name":"Photographe entreprise Montpellier"}]},{"@type":"WebSite","@id":"https:\/\/www.olivierdarock.com\/photography\/#website","url":"https:\/\/www.olivierdarock.com\/photography\/","name":"Photographe \/ Graphiste Freelance Montpellier","description":"Photographe \/ Graphiste Freelance Montpellier","potentialAction":[{"@type":"SearchAction","target":{"@type":"EntryPoint","urlTemplate":"https:\/\/www.olivierdarock.com\/photography\/?s={search_term_string}"},"query-input":"required name=search_term_string"}],"inLanguage":"fr-FR"}]}},"amp_enabled":false,"_links":{"self":[{"href":"https:\/\/www.olivierdarock.com\/photography\/wp-json\/wp\/v2\/pages\/4864","targetHints":{"allow":["GET"]}}],"collection":[{"href":"https:\/\/www.olivierdarock.com\/photography\/wp-json\/wp\/v2\/pages"}],"about":[{"href":"https:\/\/www.olivierdarock.com\/photography\/wp-json\/wp\/v2\/types\/page"}],"author":[{"embeddable":true,"href":"https:\/\/www.olivierdarock.com\/photography\/wp-json\/wp\/v2\/users\/1"}],"replies":[{"embeddable":true,"href":"https:\/\/www.olivierdarock.com\/photography\/wp-json\/wp\/v2\/comments?post=4864"}],"version-history":[{"count":20,"href":"https:\/\/www.olivierdarock.com\/photography\/wp-json\/wp\/v2\/pages\/4864\/revisions"}],"predecessor-version":[{"id":5231,"href":"https:\/\/www.olivierdarock.com\/photography\/wp-json\/wp\/v2\/pages\/4864\/revisions\/5231"}],"wp:featuredmedia":[{"embeddable":true,"href":"https:\/\/www.olivierdarock.com\/photography\/wp-json\/wp\/v2\/media\/4967"}],"wp:attachment":[{"href":"https:\/\/www.olivierdarock.com\/photography\/wp-json\/wp\/v2\/media?parent=4864"}],"curies":[{"name":"wp","href":"https:\/\/api.w.org\/{rel}","templated":true}]}}