{"id":4734,"date":"2018-05-06T08:14:38","date_gmt":"2018-05-06T08:14:38","guid":{"rendered":"http:\/\/www.olivierdarock.com\/photography\/?page_id=4734"},"modified":"2020-01-06T11:58:56","modified_gmt":"2020-01-06T10:58:56","slug":"tarifs-photos-mariage","status":"publish","type":"page","link":"https:\/\/www.olivierdarock.com\/photography\/tarifs-photos-mariage\/","title":{"rendered":"Tarifs photos Mariage"},"content":{"rendered":"<p>[vc_row][vc_column][vc_single_image image=\u00a0\u00bb5163&Prime; img_size=\u00a0\u00bbfull\u00a0\u00bb onclick=\u00a0\u00bbcustom_link\u00a0\u00bb link=\u00a0\u00bbhttps:\/\/www.olivierdarock.com\/photography\/carte-cadeau-seance-photos\/\u00a0\u00bb][vc_column_text]<\/p>\n<div class=\"article-header is-aligned-center\" data-role=\"header\">\n<div class=\"article-title-wrap\">\n<h1 class=\"article-title entry-title\" style=\"text-align: center;\">*** CARTE CADEAU ***<\/h1>\n<\/div>\n<\/div>\n<div class=\"article-content sc\" data-role=\"content\">\n<h2 style=\"text-align: center;\">UNE S\u00c9ANCE PHOTO COMME CADEAU INOUBLIABLE\u2026<\/h2>\n<\/div>\n<p>[\/vc_column_text][vc_separator]     \r\n        <div class=\"sec-color\">\r\n        \t<div class=\"row\">\r\n        \t\t\t<div class=\"pricing-table-container\">\r\n\t    <div class=\"pricing-style10 pricing-animation-yes\">\r\n\t\t\t<div class=\"col-md-4 col-sm-6\">\r\n\t\t\t\t<div class=\"tc-animation-hover\">\t\r\n\t\t\t\t\t<div class=\"pricing-plan  \">\r\n\r\n\t\t\t\t\t\t<!-- BootPlan Style 1 Start -->\r\n\t\t\t\t\t\t\t\t\t         <!-- BootPlan Style 1 End -->\r\n\r\n\t\t\t         <!-- BootPlan Style 2 Start -->\r\n\t\t\t        \t\t\t\t         <!-- BootPlan Style 2 End -->\r\n\r\n\r\n\t\t\t         <!-- BootPlan Style 3 Start -->\r\n\t\t\t        \t\r\n\t\t\t         <!-- BootPlan Style 3 End -->\r\n\r\n\t\t\t         <!-- BootPlan Style 4 Start -->\r\n\t\t\t        \t\t\t\t\t            <div class=\"pricing-head\">\r\n\t\t\t\t                <div class=\"name\">\r\n\t\t\t\t                    Je t'aime\t\t\t\t                <\/div>\r\n\t\t\t\t                <div class=\"price\">\r\n\t\t\t\t                    <span class=\"value\">\r\n\t\t\t\t                        <sup>\u20ac<\/sup>890\t\t\t\t                    <\/span>\r\n\t\t\t\t                    <span class=\"duration\">\r\n\t\t\t\t                        \/ \t\t\t\t                    <\/span>\r\n\t\t\t\t                <\/div>\r\n\t\t\t\t                \t\t\t\t            <\/div>\r\n\t\t\t\t            <div class=\"pricing-body\">\r\n\t\t\t\t                <\/p>\n<ul>\n<li class=\"p1\">Couverture Mairie et\/ou Eglise<\/li>\n<li class=\"p1\">Vin d\u2019honneur<\/li>\n<li class=\"p1\">D\u00e9coration de la salle de r\u00e9ception<\/li>\n<li class=\"p1\"><strong>CE QUI EST INCLUS DANS CE FORFAIT<\/strong><br \/>\n~250 photos corrig\u00e9es, hautes r\u00e9solution, libres de droit<br \/>\nGalerie Web prot\u00e9g\u00e9e par mot de passe (dur\u00e9e 1 mois)<\/li>\n<\/ul>\n<p>\t\t\t\t            <\/div>\r\n\t\t\t\t            <div class=\"pricing-footer\">\r\n\t\t\t\t            \t\t\t\t\t                \t\t<a href=\"https:\/\/www.olivierdarock.com\/photography\/contact\/\" class=\"p-button\" target=\"_self\" >\r\n\t\t\t\t                \t\t\tDemande de devis gratuit\t\t\t\t                \t\t<\/a>\r\n\t\t\t\t                \t\t\t\t            <\/div>\r\n\t\t\t            \r\n\t\t\t         <!-- BootPlan Style 4 End -->\r\n\t\t\t        <\/div>\r\n\t\t        <\/div>\r\n\t\t    <\/div>\r\n\t\t<\/div>\r\n\t<\/div>\r\n\r\n\r\n\r\n\t<div class=\"pricing-table-container\">\r\n\t    <div class=\"pricing-style10 pricing-animation-yes\">\r\n\t\t\t<div class=\"col-md-4 col-sm-6\">\r\n\t\t\t\t<div class=\"tc-animation-hover\">\t\r\n\t\t\t\t\t<div class=\"pricing-plan featured \">\r\n\r\n\t\t\t\t\t\t<!-- BootPlan Style 1 Start -->\r\n\t\t\t\t\t\t\t\t\t         <!-- BootPlan Style 1 End -->\r\n\r\n\t\t\t         <!-- BootPlan Style 2 Start -->\r\n\t\t\t        \t\t\t\t         <!-- BootPlan Style 2 End -->\r\n\r\n\r\n\t\t\t         <!-- BootPlan Style 3 Start -->\r\n\t\t\t        \t\r\n\t\t\t         <!-- BootPlan Style 3 End -->\r\n\r\n\t\t\t         <!-- BootPlan Style 4 Start -->\r\n\t\t\t        \t\t\t\t\t            <div class=\"pricing-head\">\r\n\t\t\t\t                <div class=\"name\">\r\n\t\t\t\t                    Passionn\u00e9ment\t\t\t\t                <\/div>\r\n\t\t\t\t                <div class=\"price\">\r\n\t\t\t\t                    <span class=\"value\">\r\n\t\t\t\t                        <sup>\u20ac<\/sup>1590\t\t\t\t                    <\/span>\r\n\t\t\t\t                    <span class=\"duration\">\r\n\t\t\t\t                        \/ \t\t\t\t                    <\/span>\r\n\t\t\t\t                <\/div>\r\n\t\t\t\t                \t\t\t\t            <\/div>\r\n\t\t\t\t            <div class=\"pricing-body\">\r\n\t\t\t\t                <\/p>\n<ul>\n<li class=\"p1\">Couverture Mairie et\/ou Eglise<\/li>\n<li class=\"p1\">Photos de groupes<\/li>\n<li class=\"p1\">Photos de couple<\/li>\n<li class=\"p1\">Vin d\u2019honneur<\/li>\n<li class=\"p1\">D\u00e9coration de la salle de r\u00e9ception<\/li>\n<li class=\"p1\"><strong><strong>CE QUI EST INCLUS DANS CE FORFAIT<\/strong><\/strong>~450 photos corrig\u00e9es, hautes r\u00e9solution, libres de droit<br \/>\nGalerie Web prot\u00e9g\u00e9e par mot de passe (dur\u00e9e 2 mois)<\/li>\n<\/ul>\n<p>\t\t\t\t            <\/div>\r\n\t\t\t\t            <div class=\"pricing-footer\">\r\n\t\t\t\t            \t\t\t\t\t                \t\t<a href=\"https:\/\/www.olivierdarock.com\/photography\/contact\/\" class=\"p-button\" target=\"_self\" >\r\n\t\t\t\t                \t\t\tDemande de devis gratuit\t\t\t\t                \t\t<\/a>\r\n\t\t\t\t                \t\t\t\t            <\/div>\r\n\t\t\t            \r\n\t\t\t         <!-- BootPlan Style 4 End -->\r\n\t\t\t        <\/div>\r\n\t\t        <\/div>\r\n\t\t    <\/div>\r\n\t\t<\/div>\r\n\t<\/div>\r\n\r\n\r\n\r\n\t<div class=\"pricing-table-container\">\r\n\t    <div class=\"pricing-style10 pricing-animation-yes\">\r\n\t\t\t<div class=\"col-md-4 col-sm-6\">\r\n\t\t\t\t<div class=\"tc-animation-hover\">\t\r\n\t\t\t\t\t<div class=\"pricing-plan  \">\r\n\r\n\t\t\t\t\t\t<!-- BootPlan Style 1 Start -->\r\n\t\t\t\t\t\t\t\t\t         <!-- BootPlan Style 1 End -->\r\n\r\n\t\t\t         <!-- BootPlan Style 2 Start -->\r\n\t\t\t        \t\t\t\t         <!-- BootPlan Style 2 End -->\r\n\r\n\r\n\t\t\t         <!-- BootPlan Style 3 Start -->\r\n\t\t\t        \t\r\n\t\t\t         <!-- BootPlan Style 3 End -->\r\n\r\n\t\t\t         <!-- BootPlan Style 4 Start -->\r\n\t\t\t        \t\t\t\t\t            <div class=\"pricing-head\">\r\n\t\t\t\t                <div class=\"name\">\r\n\t\t\t\t                    A la folie\t\t\t\t                <\/div>\r\n\t\t\t\t                <div class=\"price\">\r\n\t\t\t\t                    <span class=\"value\">\r\n\t\t\t\t                        <sup>\u20ac<\/sup>2190\t\t\t\t                    <\/span>\r\n\t\t\t\t                    <span class=\"duration\">\r\n\t\t\t\t                        \/ \t\t\t\t                    <\/span>\r\n\t\t\t\t                <\/div>\r\n\t\t\t\t                \t\t\t\t            <\/div>\r\n\t\t\t\t            <div class=\"pricing-body\">\r\n\t\t\t\t                <\/p>\n<ul>\n<li class=\"p1\">Pr\u00e9paratifs de la future mari\u00e9e<\/li>\n<li class=\"p1\">Couverture Mairie et\/ou Eglise<\/li>\n<li class=\"p1\">Photos de groupes<\/li>\n<li class=\"p1\">Photos de couple<\/li>\n<li class=\"p1\">Vin d\u2019honneur<\/li>\n<li class=\"p1\">D\u00e9coration de la salle de r\u00e9ception<\/li>\n<li class=\"p1\">Repas et couverture soir\u00e9e (~jusqu\u2019\u00e0 1h)<\/li>\n<li class=\"p1\"><strong>CE QUI EST INCLUS DANS CE FORFAIT<\/strong><br \/>\n~650 photos corrig\u00e9es, hautes r\u00e9solution, libres de droit<br \/>\nGalerie Web prot\u00e9g\u00e9e par mot de passe (dur\u00e9e 4 mois)<br \/>\nAlbum photo A4, 24 pages finition luxe<\/li>\n<\/ul>\n<p>\t\t\t\t            <\/div>\r\n\t\t\t\t            <div class=\"pricing-footer\">\r\n\t\t\t\t            \t\t\t\t\t                \t\t<a href=\"https:\/\/www.olivierdarock.com\/photography\/contact\/\" class=\"p-button\" target=\"_self\" >\r\n\t\t\t\t                \t\t\tDemande de devis gratuit\t\t\t\t                \t\t<\/a>\r\n\t\t\t\t                \t\t\t\t            <\/div>\r\n\t\t\t            \r\n\t\t\t         <!-- BootPlan Style 4 End -->\r\n\t\t\t        <\/div>\r\n\t\t        <\/div>\r\n\t\t    <\/div>\r\n\t\t<\/div>\r\n\t<\/div>\r\n\r\n\r\n\r\n        \t<\/div>\r\n        <\/div>\r\n\r\n        [\/vc_column][\/vc_row][vc_row][vc_column][vc_column_text]<\/p>\n<h2 style=\"text-align: center;\"><strong><span style=\"color: #cec1ad;\">Add-ons<\/span><\/strong><\/h2>\n<ul>\n<li>Heure suppl\u00e9mentaire <strong>150\u20ac <span class=\"s1\">TTC<\/span><\/strong><\/li>\n<li class=\"p1\">Livraison des photos en 15 jours (au lieu de 1 mois) <strong>190\u20ac <span class=\"s1\">TTC<\/span><\/strong><\/li>\n<li class=\"p1\">Photographe suppl\u00e9mentaire pour le Jour J <strong>490\u20ac <span class=\"s1\">TTC<\/span><\/strong><\/li>\n<li class=\"p1\">Albums photo Premium (diff\u00e9rentes gammes de prix, me consulter pour plus d\u2019informations)<\/li>\n<li class=\"p1\">Brunch ou d\u00e9jeuner le lendemain du mariage <strong>290\u20ac <span class=\"s1\">TTC<\/span><\/strong><\/li>\n<li class=\"p1\">S\u00e9ance photo de couple avant (Love session\/s\u00e9ance d\u2019engagement)<\/li>\n<li class=\"p1\">ou apr\u00e8s le mariage (Day After, Trash the dress) dans les lieux de votre choix (r\u00e9gion Montpellier).<\/li>\n<li class=\"p1\">Prestation d\u2019une dur\u00e9e de 2h <strong>290\u20ac <span class=\"s1\">TTC<\/span><\/strong><\/li>\n<\/ul>\n<p>[\/vc_column_text][vc_column_text]<\/p>\n<h2 style=\"text-align: center;\"><strong><span style=\"color: #cec1ad;\">Reportage photos de mariage<\/span><\/strong><\/h2>\n<ul>\n<li class=\"p1\">La prise de vue num\u00e9rique par un <a href=\"https:\/\/www.olivierdarock.com\/photography\/photographe-professionnel\/\">photographe professionnel<\/a> (Olivier Darock) le jour du mariage.<\/li>\n<li class=\"p3\">Traitement et retouche de toutes les photos individuellement pour un r\u00e9sultat de qualit\u00e9.<\/li>\n<li class=\"p3\">Mise \u00e0 disposition des photos sans marquage. Elles sont libres de droits (dans le cadre d\u2019une utilisation familiale, amis et invit\u00e9s) et seront accessibles en t\u00e9l\u00e9chargement direct.<\/li>\n<li class=\"p3\">Galerie priv\u00e9e en ligne (t\u00e9l\u00e9chargement gratuit des photos par les invit\u00e9s). Les photos sont affich\u00e9es sans logo. Acc\u00e8s web.<\/li>\n<li class=\"p3\">Sauvegarde s\u00e9curis\u00e9e de vos photos dans le temps : vos fichiers JPG sont stock\u00e9s sur plusieurs disques durs ind\u00e9pendants (si un jour vous perdez les fichiers, nous les gardons pendant une dur\u00e9e de 6 mois apr\u00e8s la date de votre mariage).<\/li>\n<li class=\"p3\">Livraison des photos sous 1 mois apr\u00e8s la date du mariage<\/li>\n<\/ul>\n<p>[\/vc_column_text][vc_column_text]<\/p>\n<h2 style=\"text-align: center;\"><span style=\"color: #cec1ad;\"><strong>Modalit\u00e9s<\/strong><\/span><\/h2>\n<ul>\n<li class=\"p1\">Un acompte de 30% du prix du devis est demand\u00e9 pour r\u00e9server la prestation. Id\u00e9alement, le solde devra \u00eatre vers\u00e9 au plus tard une semaine avant le jour du mariage. Il est n\u00e9anmoins possible de verser le solde le jour J ou apr\u00e8s la date du mariage, mais la retouche des photos ne commencera que lorsque la totalit\u00e9 de la prestation sera r\u00e9gl\u00e9e. Aucune livraison ne sera effectu\u00e9e tant que la prestation n\u2019est pas sold\u00e9e dans son int\u00e9gralit\u00e9.<\/li>\n<li class=\"p1\">L\u2019h\u00e9bergement sera \u00e0 la charge des mari\u00e9s si le mariage se d\u00e9roule \u00e0 plus d\u20191h de Montpellier.<\/li>\n<li class=\"p1\">Les frais kilom\u00e9triques (au del\u00e0 de 30km), les remboursements des p\u00e9ages et des parkings (ou billets de train\/avion) sont \u00e9galement \u00e0 la charge des mari\u00e9s.<\/li>\n<li class=\"p1\">Le repas du soir du mariage est \u00e0 la charge des mari\u00e9s si le photographe doit rester durant la soir\u00e9e.<\/li>\n<\/ul>\n<p>[\/vc_column_text][\/vc_column][\/vc_row]<\/p>\n","protected":false},"excerpt":{"rendered":"<p>[vc_row][vc_column][vc_single_image image=\u00a0\u00bb5163&Prime; img_size=\u00a0\u00bbfull\u00a0\u00bb onclick=\u00a0\u00bbcustom_link\u00a0\u00bb link=\u00a0\u00bbhttps:\/\/www.olivierdarock.com\/photography\/carte-cadeau-seance-photos\/\u00a0\u00bb][vc_column_text] *** CARTE CADEAU *** UNE S\u00c9ANCE PHOTO COMME CADEAU INOUBLIABLE\u2026 [\/vc_column_text][vc_separator][\/vc_column][\/vc_row][vc_row][vc_column][vc_column_text] Add-ons Heure suppl\u00e9mentaire 150\u20ac TTC Livraison des photos en 15 jours (au lieu de 1 mois) 190\u20ac TTC Photographe suppl\u00e9mentaire pour le Jour J 490\u20ac TTC Albums photo Premium (diff\u00e9rentes gammes de prix, me consulter pour plus d\u2019informations) Brunch [&hellip;]<\/p>\n","protected":false},"author":1,"featured_media":4111,"parent":0,"menu_order":0,"comment_status":"closed","ping_status":"closed","template":"template-fullwidth.php","meta":{"footnotes":""},"class_list":["post-4734","page","type-page","status-publish","has-post-thumbnail","hentry"],"acf":[],"yoast_head":"<!-- This site is optimized with the Yoast SEO plugin v20.2.1 - https:\/\/yoast.com\/wordpress\/plugins\/seo\/ -->\n<title>Tarifs photos Mariage - Photographe \/ Graphiste Freelance Montpellier<\/title>\n<meta name=\"robots\" content=\"index, follow, max-snippet:-1, max-image-preview:large, max-video-preview:-1\" \/>\n<link rel=\"canonical\" href=\"https:\/\/www.olivierdarock.com\/photography\/tarifs-photos-mariage\/\" \/>\n<meta property=\"og:locale\" content=\"fr_FR\" \/>\n<meta property=\"og:type\" content=\"article\" \/>\n<meta property=\"og:title\" content=\"Photographe Mariage Montpellier \/ Tarifs Olivier Darock\" \/>\n<meta property=\"og:description\" content=\"Retrouvez les tarifs des prestations photographe de mariage \u00e0 Montpellier. Vous pouvez me contacter par mail ou t\u00e9l pour avoir plus d&#039;informations...\" \/>\n<meta property=\"og:url\" content=\"https:\/\/www.olivierdarock.com\/photography\/tarifs-photos-mariage\/\" \/>\n<meta property=\"og:site_name\" content=\"Photographe \/ Graphiste Freelance Montpellier\" \/>\n<meta property=\"article:publisher\" content=\"http:\/\/www.facebook.com\/olivierdarockphotography\" \/>\n<meta property=\"article:modified_time\" content=\"2020-01-06T10:58:56+00:00\" \/>\n<meta property=\"og:image\" content=\"https:\/\/www.olivierdarock.com\/photography\/wp-content\/uploads\/2018\/09\/mariage-aurelie-christophe-mairie-eglise-villeneuve-les-maguelone.jpg\" \/>\n\t<meta property=\"og:image:width\" content=\"2000\" \/>\n\t<meta property=\"og:image:height\" content=\"1335\" \/>\n\t<meta property=\"og:image:type\" content=\"image\/jpeg\" \/>\n<meta name=\"twitter:card\" content=\"summary_large_image\" \/>\n<meta name=\"twitter:label1\" content=\"Dur\u00e9e de lecture estim\u00e9e\" \/>\n\t<meta name=\"twitter:data1\" content=\"4 minutes\" \/>\n<script type=\"application\/ld+json\" class=\"yoast-schema-graph\">{\"@context\":\"https:\/\/schema.org\",\"@graph\":[{\"@type\":\"WebPage\",\"@id\":\"https:\/\/www.olivierdarock.com\/photography\/tarifs-photos-mariage\/\",\"url\":\"https:\/\/www.olivierdarock.com\/photography\/tarifs-photos-mariage\/\",\"name\":\"Tarifs photos Mariage - Photographe \/ Graphiste Freelance Montpellier\",\"isPartOf\":{\"@id\":\"https:\/\/www.olivierdarock.com\/photography\/#website\"},\"datePublished\":\"2018-05-06T08:14:38+00:00\",\"dateModified\":\"2020-01-06T10:58:56+00:00\",\"breadcrumb\":{\"@id\":\"https:\/\/www.olivierdarock.com\/photography\/tarifs-photos-mariage\/#breadcrumb\"},\"inLanguage\":\"fr-FR\",\"potentialAction\":[{\"@type\":\"ReadAction\",\"target\":[\"https:\/\/www.olivierdarock.com\/photography\/tarifs-photos-mariage\/\"]}]},{\"@type\":\"BreadcrumbList\",\"@id\":\"https:\/\/www.olivierdarock.com\/photography\/tarifs-photos-mariage\/#breadcrumb\",\"itemListElement\":[{\"@type\":\"ListItem\",\"position\":1,\"name\":\"Accueil\",\"item\":\"https:\/\/www.olivierdarock.com\/photography\/\"},{\"@type\":\"ListItem\",\"position\":2,\"name\":\"Tarifs photos Mariage\"}]},{\"@type\":\"WebSite\",\"@id\":\"https:\/\/www.olivierdarock.com\/photography\/#website\",\"url\":\"https:\/\/www.olivierdarock.com\/photography\/\",\"name\":\"Photographe \/ Graphiste Freelance Montpellier\",\"description\":\"Photographe \/ Graphiste Freelance Montpellier\",\"potentialAction\":[{\"@type\":\"SearchAction\",\"target\":{\"@type\":\"EntryPoint\",\"urlTemplate\":\"https:\/\/www.olivierdarock.com\/photography\/?s={search_term_string}\"},\"query-input\":\"required name=search_term_string\"}],\"inLanguage\":\"fr-FR\"}]}<\/script>\n<!-- \/ Yoast SEO plugin. -->","yoast_head_json":{"title":"Tarifs photos Mariage - Photographe \/ Graphiste Freelance Montpellier","robots":{"index":"index","follow":"follow","max-snippet":"max-snippet:-1","max-image-preview":"max-image-preview:large","max-video-preview":"max-video-preview:-1"},"canonical":"https:\/\/www.olivierdarock.com\/photography\/tarifs-photos-mariage\/","og_locale":"fr_FR","og_type":"article","og_title":"Photographe Mariage Montpellier \/ Tarifs Olivier Darock","og_description":"Retrouvez les tarifs des prestations photographe de mariage \u00e0 Montpellier. Vous pouvez me contacter par mail ou t\u00e9l pour avoir plus d'informations...","og_url":"https:\/\/www.olivierdarock.com\/photography\/tarifs-photos-mariage\/","og_site_name":"Photographe \/ Graphiste Freelance Montpellier","article_publisher":"http:\/\/www.facebook.com\/olivierdarockphotography","article_modified_time":"2020-01-06T10:58:56+00:00","og_image":[{"width":2000,"height":1335,"url":"https:\/\/www.olivierdarock.com\/photography\/wp-content\/uploads\/2018\/09\/mariage-aurelie-christophe-mairie-eglise-villeneuve-les-maguelone.jpg","type":"image\/jpeg"}],"twitter_card":"summary_large_image","twitter_misc":{"Dur\u00e9e de lecture estim\u00e9e":"4 minutes"},"schema":{"@context":"https:\/\/schema.org","@graph":[{"@type":"WebPage","@id":"https:\/\/www.olivierdarock.com\/photography\/tarifs-photos-mariage\/","url":"https:\/\/www.olivierdarock.com\/photography\/tarifs-photos-mariage\/","name":"Tarifs photos Mariage - Photographe \/ Graphiste Freelance Montpellier","isPartOf":{"@id":"https:\/\/www.olivierdarock.com\/photography\/#website"},"datePublished":"2018-05-06T08:14:38+00:00","dateModified":"2020-01-06T10:58:56+00:00","breadcrumb":{"@id":"https:\/\/www.olivierdarock.com\/photography\/tarifs-photos-mariage\/#breadcrumb"},"inLanguage":"fr-FR","potentialAction":[{"@type":"ReadAction","target":["https:\/\/www.olivierdarock.com\/photography\/tarifs-photos-mariage\/"]}]},{"@type":"BreadcrumbList","@id":"https:\/\/www.olivierdarock.com\/photography\/tarifs-photos-mariage\/#breadcrumb","itemListElement":[{"@type":"ListItem","position":1,"name":"Accueil","item":"https:\/\/www.olivierdarock.com\/photography\/"},{"@type":"ListItem","position":2,"name":"Tarifs photos Mariage"}]},{"@type":"WebSite","@id":"https:\/\/www.olivierdarock.com\/photography\/#website","url":"https:\/\/www.olivierdarock.com\/photography\/","name":"Photographe \/ Graphiste Freelance Montpellier","description":"Photographe \/ Graphiste Freelance Montpellier","potentialAction":[{"@type":"SearchAction","target":{"@type":"EntryPoint","urlTemplate":"https:\/\/www.olivierdarock.com\/photography\/?s={search_term_string}"},"query-input":"required name=search_term_string"}],"inLanguage":"fr-FR"}]}},"amp_enabled":false,"_links":{"self":[{"href":"https:\/\/www.olivierdarock.com\/photography\/wp-json\/wp\/v2\/pages\/4734","targetHints":{"allow":["GET"]}}],"collection":[{"href":"https:\/\/www.olivierdarock.com\/photography\/wp-json\/wp\/v2\/pages"}],"about":[{"href":"https:\/\/www.olivierdarock.com\/photography\/wp-json\/wp\/v2\/types\/page"}],"author":[{"embeddable":true,"href":"https:\/\/www.olivierdarock.com\/photography\/wp-json\/wp\/v2\/users\/1"}],"replies":[{"embeddable":true,"href":"https:\/\/www.olivierdarock.com\/photography\/wp-json\/wp\/v2\/comments?post=4734"}],"version-history":[{"count":7,"href":"https:\/\/www.olivierdarock.com\/photography\/wp-json\/wp\/v2\/pages\/4734\/revisions"}],"predecessor-version":[{"id":5253,"href":"https:\/\/www.olivierdarock.com\/photography\/wp-json\/wp\/v2\/pages\/4734\/revisions\/5253"}],"wp:featuredmedia":[{"embeddable":true,"href":"https:\/\/www.olivierdarock.com\/photography\/wp-json\/wp\/v2\/media\/4111"}],"wp:attachment":[{"href":"https:\/\/www.olivierdarock.com\/photography\/wp-json\/wp\/v2\/media?parent=4734"}],"curies":[{"name":"wp","href":"https:\/\/api.w.org\/{rel}","templated":true}]}}