{"id":4354,"date":"2018-01-06T18:22:58","date_gmt":"2018-01-06T18:22:58","guid":{"rendered":"http:\/\/www.olivierdarock.com\/photography\/?page_id=4354"},"modified":"2025-03-05T12:04:17","modified_gmt":"2025-03-05T11:04:17","slug":"photographe-entreprise","status":"publish","type":"page","link":"https:\/\/www.olivierdarock.com\/photography\/","title":{"rendered":"Photographe entreprise montpellier"},"content":{"rendered":"<p>[vc_row margin_top=\u00a0\u00bb0&Prime; padding_top=\u00a0\u00bb0&Prime;][vc_column][vc_column_text]<\/p>\n<h1 style=\"text-align: center;\">Olivier DAROCK<\/h1>\n<h1 style=\"text-align: center;\">Photographe Entreprise Montpellier<\/h1>\n<p>Mon style est une combinaison entre le photojournalisme et la photographie sp\u00e9cialis\u00e9 en entreprise. Je travaille r\u00e9guli\u00e8rement\u00a0 pour les services de communication des entreprises et les agences de communication.<\/p>\n<p>Mes clients sont des petites structures de diff\u00e9rents secteurs : restauration,\u00a0 secteur public, tourisme, h\u00f4tellerie, avocat&#8230; Mais \u00e9galement des entreprises multinationales.[\/vc_column_text][vc_column_text css_animation=\u00a0\u00bbfadeInDown\u00a0\u00bb]<\/p>\n<h2 style=\"text-align: center;\"><strong>Montrez votre entreprise sous son meilleur angle<\/strong><\/h2>\n<p>[\/vc_column_text][vc_button title=\u00a0\u00bbEN SAVOIR PLUS\u00a0\u00bb color=\u00a0\u00bbcustom\u00a0\u00bb button_custom_color=\u00a0\u00bb#fcbb3a\u00a0\u00bb size=\u00a0\u00bblarge\u00a0\u00bb position=\u00a0\u00bbcenter\u00a0\u00bb margin_bottom=\u00a0\u00bb50&Prime; href=\u00a0\u00bbhttps:\/\/www.olivierdarock.com\/photography\/photographe-entreprise-montpellier\/\u00a0\u00bb][vc_masonry_media_grid style=\u00a0\u00bblazy\u00a0\u00bb item=\u00a0\u00bbmasonryMedia_SlideTop\u00a0\u00bb initial_loading_animation=\u00a0\u00bbfadeIn\u00a0\u00bb grid_id=\u00a0\u00bbvc_gid:1741172556348-2e283ca2a9d23de0cfdfc43683946ed4-9&Prime; include=\u00a0\u00bb4620,4635,4623,4619,4613,4560&Prime;][vc_column_text]<\/p>\n<h2 style=\"text-align: center;\">Photographe d&rsquo;\u00e9v\u00e9nementiel<\/h2>\n<p class=\"\" style=\"text-align: center;\">Sp\u00e9cialiste de <strong>l&rsquo;\u00e9v\u00e8nementiel<\/strong>, je me mets \u00e0 votre service afin de vous montrer mon savoir-faire pour image de la plus belle des mani\u00e8res vos \u00e9v\u00e8nements et soir\u00e9es \u00e9v\u00e9nementielles.<\/p>\n<p>[\/vc_column_text][vc_masonry_media_grid item=\u00a0\u00bbmediaGrid_SimpleOverlay\u00a0\u00bb initial_loading_animation=\u00a0\u00bbfadeIn\u00a0\u00bb grid_id=\u00a0\u00bbvc_gid:1741172556357-404e1e2cdb26181c2ae918ff1f010312-4&Prime; include=\u00a0\u00bb4436,4573,4574,4576,4562,4613&Prime;][\/vc_column][\/vc_row][vc_row row_type=\u00a0\u00bbrow_fullwidth_content\u00a0\u00bb bg_color=\u00a0\u00bb#000000&Prime; row_text_color=\u00a0\u00bbrow_text_light\u00a0\u00bb][vc_column][vc_column_text]<\/p>\n<h2 style=\"text-align: center;\"><span style=\"color: #ffffff;\">Photographe d\u2019architecture int\u00e9rieure<\/span><\/h2>\n<p class=\"\" style=\"text-align: center;\"><strong>La photographie d&rsquo;architecture int\u00e9rieure et d\u00e9coration <\/strong>dans les univers de l&rsquo;h\u00f4tellerie et la restauration font partie \u00e9galement de mes sp\u00e9cialit\u00e9s.<\/p>\n<p>[\/vc_column_text][vc_row_inner][vc_column_inner width=\u00a0\u00bb1\/2&Prime;][vc_column_text]<\/p>\n<div class=\"col-md-6\">\n<div class=\"text-center\">\n<h2 style=\"text-align: center;\"><span style=\"color: #ffffff;\">METTRE EN VALEUR SON BIEN IMMOBILIER<\/span><\/h2>\n<\/div>\n<p>Au del\u00e0 de mon mat\u00e9riel professionnel, le photographe d\u2019int\u00e9rieur apporte en plus de son regard exp\u00e9riment\u00e9 son expertise.<\/p>\n<p>Que ce soit le choix de l\u2019angle de prise de vue, grande nettet\u00e9 d\u2019image du premier au dernier plan, gestion des lumi\u00e8res, des diff\u00e9rences de temp\u00e9rature de couleur et d\u2019intensit\u00e9 de lumi\u00e8re\u2026<span style=\"color: #000000;\">photographe entreprise montpellier<\/span><\/div>\n<p>[\/vc_column_text][\/vc_column_inner][vc_column_inner width=\u00a0\u00bb1\/2&Prime;][vc_column_text]<\/p>\n<div class=\"col-md-6\">\n<div class=\"text-center\">\n<h2><span style=\"color: #ffffff;\">POURQUOI &#8211; CHOISIR UN PROFESSIONNEL ?<\/span><\/h2>\n<\/div>\n<ul>\n<li>Mettre en valeur vos espaces et leurs atouts<\/li>\n<li>Augmentation du nombre de visites sur les r\u00e9seaux sociaux<\/li>\n<li>Se d\u00e9marquer des concurrents<\/li>\n<li>D\u00e9velopper une image plus professionnelle en prospection.<\/li>\n<li>Vendre son bien plus rapidement<\/li>\n<\/ul>\n<\/div>\n<p>[\/vc_column_text][\/vc_column_inner][\/vc_row_inner][\/vc_column][\/vc_row][vc_row row_type=\u00a0\u00bbrow_fullwidth_content\u00a0\u00bb][vc_column][vc_column_text]<\/p>\n<h2 style=\"text-align: center;\">3 Raisons de me confier votre projet<\/h2>\n<p>[\/vc_column_text][vc_row_inner][vc_column_inner width=\u00a0\u00bb1\/3&Prime; css=\u00a0\u00bb.vc_custom_1612968148969{background-color: #dbdbdb !important;}\u00a0\u00bb][vc_column_text]<\/p>\n<h3 style=\"text-align: center;\">La qualit\u00e9 des images<\/h3>\n<p style=\"text-align: center;\">Le regard artistique que je vais apporter, mon mat\u00e9riel. Je vais ainsi mobiliser toutes mes comp\u00e9tences pour vous offrir des images qui feront la diff\u00e9rence.<\/p>\n<p>[\/vc_column_text][\/vc_column_inner][vc_column_inner width=\u00a0\u00bb1\/3&Prime; css=\u00a0\u00bb.vc_custom_1612968158202{background-color: #dbdbdb !important;}\u00a0\u00bb][vc_column_text]<\/p>\n<h3 style=\"text-align: center;\">L&rsquo;accompagnement personnalis\u00e9<\/h3>\n<p style=\"text-align: center;\">Avec ou sans cahier des charges \u00e9tabli, je vais vous conseiller en amont de votre projet et vous guider lors de votre shooting pour vous proposer des photos uniques, \u00e0 votre image.<\/p>\n<p>[\/vc_column_text][\/vc_column_inner][vc_column_inner width=\u00a0\u00bb1\/3&Prime; css=\u00a0\u00bb.vc_custom_1612968175214{background-color: #dbdbdb !important;}\u00a0\u00bb][vc_column_text]<\/p>\n<h3 style=\"text-align: center;\">MON exp\u00e9rience INTERNATIONALE<\/h3>\n<p style=\"text-align: center;\">Par ailleurs pour bien analyser vos besoins, je m\u2019appuie sur mon exp\u00e9rience plus de dix\u00a0 ann\u00e9es de m\u00e9tier et de projets diversifi\u00e9 \u00e0 travers diff\u00e9rents pays.<\/p>\n<p>[\/vc_column_text][\/vc_column_inner][\/vc_row_inner][\/vc_column][\/vc_row][vc_row][vc_column][vc_column_text]<a href=\"https:\/\/www.olivierdarock.com\/photography\/contact\/\"><strong class=\"bold\">Contactez moi d\u00e8s maintenant<\/strong><\/a> pour vous assurer de ma disponibilit\u00e9 et bloquer la date de votre reportage.<\/p>\n<p>Aussi, et afin de vous faire une id\u00e9e plus globale de la qualit\u00e9 de mon travail et de ma sensibilit\u00e9, je vous invite \u00e0 visiter les diff\u00e9rentes pages de mon site internet. \u00a0<a href=\"https:\/\/www.olivierdarock.com\/photography\/photographe-mariage-montpellier\/\">mariage<\/a>, <a href=\"https:\/\/www.olivierdarock.com\/photography\/photographe-evenementiel\/\">\u00e9v\u00e9nementiel<\/a> ,\u00a0<a href=\"https:\/\/www.olivierdarock.com\/photography\/photographe-portraits-montpellier\/\">portrait\u00a0<\/a>ou encore sur mon <a href=\"https:\/\/www.olivierdarock.com\/photography\/portfolio\/\">portfolio<\/a> .<\/p>\n<p>A tr\u00e8s bient\u00f4t.[\/vc_column_text][vc_button title=\u00a0\u00bbDemandez votre devis gratuit\u00a0\u00bb color=\u00a0\u00bbcustom\u00a0\u00bb button_custom_color=\u00a0\u00bb#fcbb3a\u00a0\u00bb position=\u00a0\u00bbcenter\u00a0\u00bb href=\u00a0\u00bbhttp:\/\/www.olivierdarock.com\/photography\/contact\/\u00a0\u00bb][\/vc_column][\/vc_row][vc_row][vc_column][vc_column_text]<\/p>\n<p style=\"text-align: center;\"><a href=\"https:\/\/www.mtpprod.com\" target=\"_blank\" rel=\"noopener\">Vid\u00e9aste \u00e0 Montpellier<\/a><\/p>\n<p>[\/vc_column_text][\/vc_column][\/vc_row]<\/p>\n","protected":false},"excerpt":{"rendered":"<p>[vc_row margin_top=\u00a0\u00bb0&Prime; padding_top=\u00a0\u00bb0&Prime;][vc_column][vc_column_text] Olivier DAROCK Photographe Entreprise Montpellier Mon style est une combinaison entre le photojournalisme et la photographie sp\u00e9cialis\u00e9 en entreprise. Je travaille r\u00e9guli\u00e8rement\u00a0 pour les services de communication des entreprises et les agences de communication. Mes clients sont des petites structures de diff\u00e9rents secteurs : restauration,\u00a0 secteur public, tourisme, h\u00f4tellerie, avocat&#8230; Mais \u00e9galement [&hellip;]<\/p>\n","protected":false},"author":1,"featured_media":4436,"parent":0,"menu_order":0,"comment_status":"closed","ping_status":"closed","template":"template-fullwidth.php","meta":{"footnotes":""},"class_list":["post-4354","page","type-page","status-publish","has-post-thumbnail","hentry"],"acf":[],"yoast_head":"<!-- This site is optimized with the Yoast SEO plugin v20.2.1 - https:\/\/yoast.com\/wordpress\/plugins\/seo\/ -->\n<title>Photographe Entreprise Montpellier - Olivier Darock - 06 19 42 82 89<\/title>\n<meta name=\"description\" content=\"Photographe entreprise Montpellier, corporate, s\u00e9minaires, \u00e9v\u00e9nementiels. photographe culinaire, packshot de produits, reportages...\" \/>\n<meta name=\"robots\" content=\"index, follow, max-snippet:-1, max-image-preview:large, max-video-preview:-1\" \/>\n<link rel=\"canonical\" href=\"https:\/\/www.olivierdarock.com\/photography\/\" \/>\n<meta property=\"og:locale\" content=\"fr_FR\" \/>\n<meta property=\"og:type\" content=\"article\" \/>\n<meta property=\"og:title\" content=\"Photographe Olivier Darock\" \/>\n<meta property=\"og:description\" content=\"Photographe pour les entreprises, corporate, s\u00e9minaires, \u00e9v\u00e9nementiels. Photographe culinaire, packshot de produits, reportages...\" \/>\n<meta property=\"og:url\" content=\"https:\/\/www.olivierdarock.com\/photography\/\" \/>\n<meta property=\"og:site_name\" content=\"Photographe \/ Graphiste Freelance Montpellier\" \/>\n<meta property=\"article:publisher\" content=\"http:\/\/www.facebook.com\/olivierdarockphotography\" \/>\n<meta property=\"article:modified_time\" content=\"2025-03-05T11:04:17+00:00\" \/>\n<meta property=\"og:image\" content=\"https:\/\/www.olivierdarock.com\/photography\/wp-content\/uploads\/2018\/02\/Photographe-Montpellier.jpg\" \/>\n\t<meta property=\"og:image:width\" content=\"1200\" \/>\n\t<meta property=\"og:image:height\" content=\"801\" \/>\n\t<meta property=\"og:image:type\" content=\"image\/jpeg\" \/>\n<meta name=\"twitter:card\" content=\"summary_large_image\" \/>\n<meta name=\"twitter:label1\" content=\"Dur\u00e9e de lecture estim\u00e9e\" \/>\n\t<meta name=\"twitter:data1\" content=\"3 minutes\" \/>\n<script type=\"application\/ld+json\" class=\"yoast-schema-graph\">{\"@context\":\"https:\/\/schema.org\",\"@graph\":[{\"@type\":\"WebPage\",\"@id\":\"https:\/\/www.olivierdarock.com\/photography\/\",\"url\":\"https:\/\/www.olivierdarock.com\/photography\/\",\"name\":\"Photographe Entreprise Montpellier - Olivier Darock - 06 19 42 82 89\",\"isPartOf\":{\"@id\":\"https:\/\/www.olivierdarock.com\/photography\/#website\"},\"datePublished\":\"2018-01-06T18:22:58+00:00\",\"dateModified\":\"2025-03-05T11:04:17+00:00\",\"description\":\"Photographe entreprise Montpellier, corporate, s\u00e9minaires, \u00e9v\u00e9nementiels. photographe culinaire, packshot de produits, reportages...\",\"breadcrumb\":{\"@id\":\"https:\/\/www.olivierdarock.com\/photography\/#breadcrumb\"},\"inLanguage\":\"fr-FR\",\"potentialAction\":[{\"@type\":\"ReadAction\",\"target\":[\"https:\/\/www.olivierdarock.com\/photography\/\"]}]},{\"@type\":\"BreadcrumbList\",\"@id\":\"https:\/\/www.olivierdarock.com\/photography\/#breadcrumb\",\"itemListElement\":[{\"@type\":\"ListItem\",\"position\":1,\"name\":\"Accueil\",\"item\":\"https:\/\/www.olivierdarock.com\/photography\/\"},{\"@type\":\"ListItem\",\"position\":2,\"name\":\"Photographe entreprise montpellier\"}]},{\"@type\":\"WebSite\",\"@id\":\"https:\/\/www.olivierdarock.com\/photography\/#website\",\"url\":\"https:\/\/www.olivierdarock.com\/photography\/\",\"name\":\"Photographe \/ Graphiste Freelance Montpellier\",\"description\":\"Photographe \/ Graphiste Freelance Montpellier\",\"potentialAction\":[{\"@type\":\"SearchAction\",\"target\":{\"@type\":\"EntryPoint\",\"urlTemplate\":\"https:\/\/www.olivierdarock.com\/photography\/?s={search_term_string}\"},\"query-input\":\"required name=search_term_string\"}],\"inLanguage\":\"fr-FR\"}]}<\/script>\n<!-- \/ Yoast SEO plugin. -->","yoast_head_json":{"title":"Photographe Entreprise Montpellier - Olivier Darock - 06 19 42 82 89","description":"Photographe entreprise Montpellier, corporate, s\u00e9minaires, \u00e9v\u00e9nementiels. photographe culinaire, packshot de produits, reportages...","robots":{"index":"index","follow":"follow","max-snippet":"max-snippet:-1","max-image-preview":"max-image-preview:large","max-video-preview":"max-video-preview:-1"},"canonical":"https:\/\/www.olivierdarock.com\/photography\/","og_locale":"fr_FR","og_type":"article","og_title":"Photographe Olivier Darock","og_description":"Photographe pour les entreprises, corporate, s\u00e9minaires, \u00e9v\u00e9nementiels. Photographe culinaire, packshot de produits, reportages...","og_url":"https:\/\/www.olivierdarock.com\/photography\/","og_site_name":"Photographe \/ Graphiste Freelance Montpellier","article_publisher":"http:\/\/www.facebook.com\/olivierdarockphotography","article_modified_time":"2025-03-05T11:04:17+00:00","og_image":[{"width":1200,"height":801,"url":"https:\/\/www.olivierdarock.com\/photography\/wp-content\/uploads\/2018\/02\/Photographe-Montpellier.jpg","type":"image\/jpeg"}],"twitter_card":"summary_large_image","twitter_misc":{"Dur\u00e9e de lecture estim\u00e9e":"3 minutes"},"schema":{"@context":"https:\/\/schema.org","@graph":[{"@type":"WebPage","@id":"https:\/\/www.olivierdarock.com\/photography\/","url":"https:\/\/www.olivierdarock.com\/photography\/","name":"Photographe Entreprise Montpellier - Olivier Darock - 06 19 42 82 89","isPartOf":{"@id":"https:\/\/www.olivierdarock.com\/photography\/#website"},"datePublished":"2018-01-06T18:22:58+00:00","dateModified":"2025-03-05T11:04:17+00:00","description":"Photographe entreprise Montpellier, corporate, s\u00e9minaires, \u00e9v\u00e9nementiels. photographe culinaire, packshot de produits, reportages...","breadcrumb":{"@id":"https:\/\/www.olivierdarock.com\/photography\/#breadcrumb"},"inLanguage":"fr-FR","potentialAction":[{"@type":"ReadAction","target":["https:\/\/www.olivierdarock.com\/photography\/"]}]},{"@type":"BreadcrumbList","@id":"https:\/\/www.olivierdarock.com\/photography\/#breadcrumb","itemListElement":[{"@type":"ListItem","position":1,"name":"Accueil","item":"https:\/\/www.olivierdarock.com\/photography\/"},{"@type":"ListItem","position":2,"name":"Photographe entreprise montpellier"}]},{"@type":"WebSite","@id":"https:\/\/www.olivierdarock.com\/photography\/#website","url":"https:\/\/www.olivierdarock.com\/photography\/","name":"Photographe \/ Graphiste Freelance Montpellier","description":"Photographe \/ Graphiste Freelance Montpellier","potentialAction":[{"@type":"SearchAction","target":{"@type":"EntryPoint","urlTemplate":"https:\/\/www.olivierdarock.com\/photography\/?s={search_term_string}"},"query-input":"required name=search_term_string"}],"inLanguage":"fr-FR"}]}},"amp_enabled":false,"_links":{"self":[{"href":"https:\/\/www.olivierdarock.com\/photography\/wp-json\/wp\/v2\/pages\/4354","targetHints":{"allow":["GET"]}}],"collection":[{"href":"https:\/\/www.olivierdarock.com\/photography\/wp-json\/wp\/v2\/pages"}],"about":[{"href":"https:\/\/www.olivierdarock.com\/photography\/wp-json\/wp\/v2\/types\/page"}],"author":[{"embeddable":true,"href":"https:\/\/www.olivierdarock.com\/photography\/wp-json\/wp\/v2\/users\/1"}],"replies":[{"embeddable":true,"href":"https:\/\/www.olivierdarock.com\/photography\/wp-json\/wp\/v2\/comments?post=4354"}],"version-history":[{"count":27,"href":"https:\/\/www.olivierdarock.com\/photography\/wp-json\/wp\/v2\/pages\/4354\/revisions"}],"predecessor-version":[{"id":5310,"href":"https:\/\/www.olivierdarock.com\/photography\/wp-json\/wp\/v2\/pages\/4354\/revisions\/5310"}],"wp:featuredmedia":[{"embeddable":true,"href":"https:\/\/www.olivierdarock.com\/photography\/wp-json\/wp\/v2\/media\/4436"}],"wp:attachment":[{"href":"https:\/\/www.olivierdarock.com\/photography\/wp-json\/wp\/v2\/media?parent=4354"}],"curies":[{"name":"wp","href":"https:\/\/api.w.org\/{rel}","templated":true}]}}