{"id":4303,"date":"2017-12-27T08:32:53","date_gmt":"2017-12-27T08:32:53","guid":{"rendered":"http:\/\/www.olivierdarock.com\/photography\/?page_id=4303"},"modified":"2018-05-07T19:53:47","modified_gmt":"2018-05-07T19:53:47","slug":"photographe-street-rue","status":"publish","type":"page","link":"https:\/\/www.olivierdarock.com\/photography\/photographe-street-rue\/","title":{"rendered":"Street"},"content":{"rendered":"<p>[vc_row][vc_column][vc_column_text css_animation=\u00a0\u00bbfadeInUp\u00a0\u00bb]La <a href=\"http:\/\/www.olivierdarock.com\/photography\/gallerie-photos-mariage-entreprise-studio-street\/\">photo<\/a> de rue est pour moi avant tout, un terrain de jeux sans artifice, tout va tr\u00e8s vite. Il faut figer le temps qui nous est compt\u00e9, saisir les moments du quotidien, leur spontan\u00e9it\u00e9.[\/vc_column_text][vc_masonry_media_grid style=\u00a0\u00bblazy\u00a0\u00bb initial_loading_animation=\u00a0\u00bbfadeIn\u00a0\u00bb grid_id=\u00a0\u00bbvc_gid:1525722817542-9aec6a19-fb1c-9&Prime; include=\u00a0\u00bb4304,4305,4306,4307,4308,4309,4310,4311,4312,4313,4315,4316,4317,4318,4319,4320,4321,4322,4323,4324,4325,4326,4327,4328,4329&Prime;][\/vc_column][\/vc_row][vc_row][vc_column][\/vc_column][\/vc_row]<\/p>\n","protected":false},"excerpt":{"rendered":"<p>[vc_row][vc_column][vc_column_text css_animation=\u00a0\u00bbfadeInUp\u00a0\u00bb]La photo de rue est pour moi avant tout, un terrain de jeux sans artifice, tout va tr\u00e8s vite. Il faut figer le temps qui nous est compt\u00e9, saisir les moments du quotidien, leur spontan\u00e9it\u00e9.[\/vc_column_text][vc_masonry_media_grid style=\u00a0\u00bblazy\u00a0\u00bb initial_loading_animation=\u00a0\u00bbfadeIn\u00a0\u00bb grid_id=\u00a0\u00bbvc_gid:1525722817542-9aec6a19-fb1c-9&Prime; include=\u00a0\u00bb4304,4305,4306,4307,4308,4309,4310,4311,4312,4313,4315,4316,4317,4318,4319,4320,4321,4322,4323,4324,4325,4326,4327,4328,4329&Prime;][\/vc_column][\/vc_row][vc_row][vc_column][\/vc_column][\/vc_row]<\/p>\n","protected":false},"author":1,"featured_media":0,"parent":0,"menu_order":0,"comment_status":"closed","ping_status":"closed","template":"template-fullwidth.php","meta":{"footnotes":""},"class_list":["post-4303","page","type-page","status-publish","hentry"],"acf":[],"yoast_head":"<!-- This site is optimized with the Yoast SEO plugin v20.2.1 - https:\/\/yoast.com\/wordpress\/plugins\/seo\/ -->\n<title>Street - Photographe \/ Graphiste Freelance Montpellier<\/title>\n<meta name=\"description\" content=\"La photo de rue est pour moi avant tout, un terrain de jeux sans artifice, tout va tr\u00e8s vite. Il faut figer le temps qui nous est compt\u00e9, saisir les moments du quotidien...\" \/>\n<meta name=\"robots\" content=\"index, follow, max-snippet:-1, max-image-preview:large, max-video-preview:-1\" \/>\n<link rel=\"canonical\" href=\"https:\/\/www.olivierdarock.com\/photography\/photographe-street-rue\/\" \/>\n<meta property=\"og:locale\" content=\"fr_FR\" \/>\n<meta property=\"og:type\" content=\"article\" \/>\n<meta property=\"og:title\" content=\"Street - Photographe \/ Graphiste Freelance Montpellier\" \/>\n<meta property=\"og:description\" content=\"La photo de rue est pour moi avant tout, un terrain de jeux sans artifice, tout va tr\u00e8s vite. Il faut figer le temps qui nous est compt\u00e9, saisir les moments du quotidien...\" \/>\n<meta property=\"og:url\" content=\"https:\/\/www.olivierdarock.com\/photography\/photographe-street-rue\/\" \/>\n<meta property=\"og:site_name\" content=\"Photographe \/ Graphiste Freelance Montpellier\" \/>\n<meta property=\"article:publisher\" content=\"http:\/\/www.facebook.com\/olivierdarockphotography\" \/>\n<meta property=\"article:modified_time\" content=\"2018-05-07T19:53:47+00:00\" \/>\n<meta property=\"og:image\" content=\"https:\/\/www.olivierdarock.com\/photography\/wp-content\/uploads\/2018\/09\/mariage-aurelie-christophe-mairie-eglise-villeneuve-les-maguelone.jpg\" \/>\n\t<meta property=\"og:image:width\" content=\"2000\" \/>\n\t<meta property=\"og:image:height\" content=\"1335\" \/>\n\t<meta property=\"og:image:type\" content=\"image\/jpeg\" \/>\n<meta name=\"twitter:card\" content=\"summary_large_image\" \/>\n<script type=\"application\/ld+json\" class=\"yoast-schema-graph\">{\"@context\":\"https:\/\/schema.org\",\"@graph\":[{\"@type\":\"WebPage\",\"@id\":\"https:\/\/www.olivierdarock.com\/photography\/photographe-street-rue\/\",\"url\":\"https:\/\/www.olivierdarock.com\/photography\/photographe-street-rue\/\",\"name\":\"Street - Photographe \/ Graphiste Freelance Montpellier\",\"isPartOf\":{\"@id\":\"https:\/\/www.olivierdarock.com\/photography\/#website\"},\"datePublished\":\"2017-12-27T08:32:53+00:00\",\"dateModified\":\"2018-05-07T19:53:47+00:00\",\"description\":\"La photo de rue est pour moi avant tout, un terrain de jeux sans artifice, tout va tr\u00e8s vite. Il faut figer le temps qui nous est compt\u00e9, saisir les moments du quotidien...\",\"breadcrumb\":{\"@id\":\"https:\/\/www.olivierdarock.com\/photography\/photographe-street-rue\/#breadcrumb\"},\"inLanguage\":\"fr-FR\",\"potentialAction\":[{\"@type\":\"ReadAction\",\"target\":[\"https:\/\/www.olivierdarock.com\/photography\/photographe-street-rue\/\"]}]},{\"@type\":\"BreadcrumbList\",\"@id\":\"https:\/\/www.olivierdarock.com\/photography\/photographe-street-rue\/#breadcrumb\",\"itemListElement\":[{\"@type\":\"ListItem\",\"position\":1,\"name\":\"Accueil\",\"item\":\"https:\/\/www.olivierdarock.com\/photography\/\"},{\"@type\":\"ListItem\",\"position\":2,\"name\":\"Street\"}]},{\"@type\":\"WebSite\",\"@id\":\"https:\/\/www.olivierdarock.com\/photography\/#website\",\"url\":\"https:\/\/www.olivierdarock.com\/photography\/\",\"name\":\"Photographe \/ Graphiste Freelance Montpellier\",\"description\":\"Photographe \/ Graphiste Freelance Montpellier\",\"potentialAction\":[{\"@type\":\"SearchAction\",\"target\":{\"@type\":\"EntryPoint\",\"urlTemplate\":\"https:\/\/www.olivierdarock.com\/photography\/?s={search_term_string}\"},\"query-input\":\"required name=search_term_string\"}],\"inLanguage\":\"fr-FR\"}]}<\/script>\n<!-- \/ Yoast SEO plugin. -->","yoast_head_json":{"title":"Street - Photographe \/ Graphiste Freelance Montpellier","description":"La photo de rue est pour moi avant tout, un terrain de jeux sans artifice, tout va tr\u00e8s vite. Il faut figer le temps qui nous est compt\u00e9, saisir les moments du quotidien...","robots":{"index":"index","follow":"follow","max-snippet":"max-snippet:-1","max-image-preview":"max-image-preview:large","max-video-preview":"max-video-preview:-1"},"canonical":"https:\/\/www.olivierdarock.com\/photography\/photographe-street-rue\/","og_locale":"fr_FR","og_type":"article","og_title":"Street - Photographe \/ Graphiste Freelance Montpellier","og_description":"La photo de rue est pour moi avant tout, un terrain de jeux sans artifice, tout va tr\u00e8s vite. Il faut figer le temps qui nous est compt\u00e9, saisir les moments du quotidien...","og_url":"https:\/\/www.olivierdarock.com\/photography\/photographe-street-rue\/","og_site_name":"Photographe \/ Graphiste Freelance Montpellier","article_publisher":"http:\/\/www.facebook.com\/olivierdarockphotography","article_modified_time":"2018-05-07T19:53:47+00:00","og_image":[{"width":2000,"height":1335,"url":"https:\/\/www.olivierdarock.com\/photography\/wp-content\/uploads\/2018\/09\/mariage-aurelie-christophe-mairie-eglise-villeneuve-les-maguelone.jpg","type":"image\/jpeg"}],"twitter_card":"summary_large_image","schema":{"@context":"https:\/\/schema.org","@graph":[{"@type":"WebPage","@id":"https:\/\/www.olivierdarock.com\/photography\/photographe-street-rue\/","url":"https:\/\/www.olivierdarock.com\/photography\/photographe-street-rue\/","name":"Street - Photographe \/ Graphiste Freelance Montpellier","isPartOf":{"@id":"https:\/\/www.olivierdarock.com\/photography\/#website"},"datePublished":"2017-12-27T08:32:53+00:00","dateModified":"2018-05-07T19:53:47+00:00","description":"La photo de rue est pour moi avant tout, un terrain de jeux sans artifice, tout va tr\u00e8s vite. Il faut figer le temps qui nous est compt\u00e9, saisir les moments du quotidien...","breadcrumb":{"@id":"https:\/\/www.olivierdarock.com\/photography\/photographe-street-rue\/#breadcrumb"},"inLanguage":"fr-FR","potentialAction":[{"@type":"ReadAction","target":["https:\/\/www.olivierdarock.com\/photography\/photographe-street-rue\/"]}]},{"@type":"BreadcrumbList","@id":"https:\/\/www.olivierdarock.com\/photography\/photographe-street-rue\/#breadcrumb","itemListElement":[{"@type":"ListItem","position":1,"name":"Accueil","item":"https:\/\/www.olivierdarock.com\/photography\/"},{"@type":"ListItem","position":2,"name":"Street"}]},{"@type":"WebSite","@id":"https:\/\/www.olivierdarock.com\/photography\/#website","url":"https:\/\/www.olivierdarock.com\/photography\/","name":"Photographe \/ Graphiste Freelance Montpellier","description":"Photographe \/ Graphiste Freelance Montpellier","potentialAction":[{"@type":"SearchAction","target":{"@type":"EntryPoint","urlTemplate":"https:\/\/www.olivierdarock.com\/photography\/?s={search_term_string}"},"query-input":"required name=search_term_string"}],"inLanguage":"fr-FR"}]}},"amp_enabled":false,"_links":{"self":[{"href":"https:\/\/www.olivierdarock.com\/photography\/wp-json\/wp\/v2\/pages\/4303","targetHints":{"allow":["GET"]}}],"collection":[{"href":"https:\/\/www.olivierdarock.com\/photography\/wp-json\/wp\/v2\/pages"}],"about":[{"href":"https:\/\/www.olivierdarock.com\/photography\/wp-json\/wp\/v2\/types\/page"}],"author":[{"embeddable":true,"href":"https:\/\/www.olivierdarock.com\/photography\/wp-json\/wp\/v2\/users\/1"}],"replies":[{"embeddable":true,"href":"https:\/\/www.olivierdarock.com\/photography\/wp-json\/wp\/v2\/comments?post=4303"}],"version-history":[{"count":0,"href":"https:\/\/www.olivierdarock.com\/photography\/wp-json\/wp\/v2\/pages\/4303\/revisions"}],"wp:attachment":[{"href":"https:\/\/www.olivierdarock.com\/photography\/wp-json\/wp\/v2\/media?parent=4303"}],"curies":[{"name":"wp","href":"https:\/\/api.w.org\/{rel}","templated":true}]}}