{"id":3955,"date":"2017-12-11T22:09:08","date_gmt":"2017-12-11T22:09:08","guid":{"rendered":"http:\/\/www.olivierdarock.com\/photography\/?page_id=3955"},"modified":"2020-01-07T12:45:19","modified_gmt":"2020-01-07T11:45:19","slug":"photographe-mariage-montpellier","status":"publish","type":"page","link":"https:\/\/www.olivierdarock.com\/photography\/photographe-mariage-montpellier\/","title":{"rendered":"Photographe-mariage-Montpellier"},"content":{"rendered":"<p>[vc_row][vc_column][vc_custom_heading text=\u00a0\u00bbImmortalisez le plus beau jour de votre vie\u00a0\u00bb font_container=\u00a0\u00bbtag:h2|text_align:center\u00a0\u00bb use_theme_fonts=\u00a0\u00bbyes\u00a0\u00bb][vc_masonry_media_grid style=\u00a0\u00bblazy\u00a0\u00bb initial_loading_animation=\u00a0\u00bbfadeIn\u00a0\u00bb grid_id=\u00a0\u00bbvc_gid:1545921223174-f78d30dc-2a15-7&Prime; include=\u00a0\u00bb5016,5012,5007,5008,5009,4116,4110,4107,4119,4120,4101,4363,4295,4297,4296,4293,4299,4294,4292,4298,4137,4138,4131,1106,4132,4141,4139,4134,4130,4127&Prime;][vc_button title=\u00a0\u00bbTarifs mariage 2018&Prime; target=\u00a0\u00bbnew_window\u00a0\u00bb color=\u00a0\u00bbcustom\u00a0\u00bb button_custom_color=\u00a0\u00bb#cec1ad\u00a0\u00bb size=\u00a0\u00bblarge\u00a0\u00bb position=\u00a0\u00bbcenter\u00a0\u00bb margin_bottom=\u00a0\u00bb50&Prime; href=\u00a0\u00bbhttp:\/\/www.olivierdarock.com\/photography\/tarifs-photos-mariage\/\u00a0\u00bb][vc_column_text css_animation=\u00a0\u00bbslideInUp\u00a0\u00bb]<\/p>\n<h2 style=\"text-align: center;\"><a href=\"https:\/\/www.olivierdarock.com\/photography\/portfolio\/\">PORTFOLIO<\/a><\/h2>\n<p>[\/vc_column_text][\/vc_column][\/vc_row][vc_row][vc_column][\/vc_column][\/vc_row]<\/p>\n","protected":false},"excerpt":{"rendered":"<p>[vc_row][vc_column][vc_custom_heading text=\u00a0\u00bbImmortalisez le plus beau jour de votre vie\u00a0\u00bb font_container=\u00a0\u00bbtag:h2|text_align:center\u00a0\u00bb use_theme_fonts=\u00a0\u00bbyes\u00a0\u00bb][vc_masonry_media_grid style=\u00a0\u00bblazy\u00a0\u00bb initial_loading_animation=\u00a0\u00bbfadeIn\u00a0\u00bb grid_id=\u00a0\u00bbvc_gid:1545921223174-f78d30dc-2a15-7&Prime; include=\u00a0\u00bb5016,5012,5007,5008,5009,4116,4110,4107,4119,4120,4101,4363,4295,4297,4296,4293,4299,4294,4292,4298,4137,4138,4131,1106,4132,4141,4139,4134,4130,4127&Prime;][vc_button title=\u00a0\u00bbTarifs mariage 2018&Prime; target=\u00a0\u00bbnew_window\u00a0\u00bb color=\u00a0\u00bbcustom\u00a0\u00bb button_custom_color=\u00a0\u00bb#cec1ad\u00a0\u00bb size=\u00a0\u00bblarge\u00a0\u00bb position=\u00a0\u00bbcenter\u00a0\u00bb margin_bottom=\u00a0\u00bb50&Prime; href=\u00a0\u00bbhttp:\/\/www.olivierdarock.com\/photography\/tarifs-photos-mariage\/\u00a0\u00bb][vc_column_text css_animation=\u00a0\u00bbslideInUp\u00a0\u00bb] PORTFOLIO [\/vc_column_text][\/vc_column][\/vc_row][vc_row][vc_column][\/vc_column][\/vc_row]<\/p>\n","protected":false},"author":1,"featured_media":4101,"parent":0,"menu_order":0,"comment_status":"closed","ping_status":"closed","template":"template-fullwidth.php","meta":{"footnotes":""},"class_list":["post-3955","page","type-page","status-publish","has-post-thumbnail","hentry"],"acf":[],"yoast_head":"<!-- This site is optimized with the Yoast SEO plugin v20.2.1 - https:\/\/yoast.com\/wordpress\/plugins\/seo\/ -->\n<title>Photographe de mariage sur Montpellier et sa r\u00e9gion - H\u00e9rault - France<\/title>\n<meta name=\"description\" content=\"Photographe de mariage \u00e0 Montpellier et partout en France. Olivier Darock saura immortaliser le plus beau jour de votre vie...\" \/>\n<meta name=\"robots\" content=\"index, follow, max-snippet:-1, max-image-preview:large, max-video-preview:-1\" \/>\n<link rel=\"canonical\" href=\"https:\/\/www.olivierdarock.com\/photography\/photographe-mariage-montpellier\/\" \/>\n<meta property=\"og:locale\" content=\"fr_FR\" \/>\n<meta property=\"og:type\" content=\"article\" \/>\n<meta property=\"og:title\" content=\"Photographe de mariage sur Montpellier et sa r\u00e9gion - H\u00e9rault - France\" \/>\n<meta property=\"og:description\" content=\"Photographe de mariage \u00e0 Montpellier et partout en France. Olivier Darock saura immortaliser le plus beau jour de votre vie...\" \/>\n<meta property=\"og:url\" content=\"https:\/\/www.olivierdarock.com\/photography\/photographe-mariage-montpellier\/\" \/>\n<meta property=\"og:site_name\" content=\"Photographe \/ Graphiste Freelance Montpellier\" \/>\n<meta property=\"article:publisher\" content=\"http:\/\/www.facebook.com\/olivierdarockphotography\" \/>\n<meta property=\"article:modified_time\" content=\"2020-01-07T11:45:19+00:00\" \/>\n<meta property=\"og:image\" content=\"https:\/\/www.olivierdarock.com\/photography\/wp-content\/uploads\/2017\/12\/Mariage-10.jpg\" \/>\n\t<meta property=\"og:image:width\" content=\"1200\" \/>\n\t<meta property=\"og:image:height\" content=\"801\" \/>\n\t<meta property=\"og:image:type\" content=\"image\/jpeg\" \/>\n<meta name=\"twitter:card\" content=\"summary_large_image\" \/>\n<script type=\"application\/ld+json\" class=\"yoast-schema-graph\">{\"@context\":\"https:\/\/schema.org\",\"@graph\":[{\"@type\":\"WebPage\",\"@id\":\"https:\/\/www.olivierdarock.com\/photography\/photographe-mariage-montpellier\/\",\"url\":\"https:\/\/www.olivierdarock.com\/photography\/photographe-mariage-montpellier\/\",\"name\":\"Photographe de mariage sur Montpellier et sa r\u00e9gion - H\u00e9rault - France\",\"isPartOf\":{\"@id\":\"https:\/\/www.olivierdarock.com\/photography\/#website\"},\"datePublished\":\"2017-12-11T22:09:08+00:00\",\"dateModified\":\"2020-01-07T11:45:19+00:00\",\"description\":\"Photographe de mariage \u00e0 Montpellier et partout en France. Olivier Darock saura immortaliser le plus beau jour de votre vie...\",\"breadcrumb\":{\"@id\":\"https:\/\/www.olivierdarock.com\/photography\/photographe-mariage-montpellier\/#breadcrumb\"},\"inLanguage\":\"fr-FR\",\"potentialAction\":[{\"@type\":\"ReadAction\",\"target\":[\"https:\/\/www.olivierdarock.com\/photography\/photographe-mariage-montpellier\/\"]}]},{\"@type\":\"BreadcrumbList\",\"@id\":\"https:\/\/www.olivierdarock.com\/photography\/photographe-mariage-montpellier\/#breadcrumb\",\"itemListElement\":[{\"@type\":\"ListItem\",\"position\":1,\"name\":\"Accueil\",\"item\":\"https:\/\/www.olivierdarock.com\/photography\/\"},{\"@type\":\"ListItem\",\"position\":2,\"name\":\"Photographe-mariage-Montpellier\"}]},{\"@type\":\"WebSite\",\"@id\":\"https:\/\/www.olivierdarock.com\/photography\/#website\",\"url\":\"https:\/\/www.olivierdarock.com\/photography\/\",\"name\":\"Photographe \/ Graphiste Freelance Montpellier\",\"description\":\"Photographe \/ Graphiste Freelance Montpellier\",\"potentialAction\":[{\"@type\":\"SearchAction\",\"target\":{\"@type\":\"EntryPoint\",\"urlTemplate\":\"https:\/\/www.olivierdarock.com\/photography\/?s={search_term_string}\"},\"query-input\":\"required name=search_term_string\"}],\"inLanguage\":\"fr-FR\"}]}<\/script>\n<!-- \/ Yoast SEO plugin. -->","yoast_head_json":{"title":"Photographe de mariage sur Montpellier et sa r\u00e9gion - H\u00e9rault - France","description":"Photographe de mariage \u00e0 Montpellier et partout en France. Olivier Darock saura immortaliser le plus beau jour de votre vie...","robots":{"index":"index","follow":"follow","max-snippet":"max-snippet:-1","max-image-preview":"max-image-preview:large","max-video-preview":"max-video-preview:-1"},"canonical":"https:\/\/www.olivierdarock.com\/photography\/photographe-mariage-montpellier\/","og_locale":"fr_FR","og_type":"article","og_title":"Photographe de mariage sur Montpellier et sa r\u00e9gion - H\u00e9rault - France","og_description":"Photographe de mariage \u00e0 Montpellier et partout en France. Olivier Darock saura immortaliser le plus beau jour de votre vie...","og_url":"https:\/\/www.olivierdarock.com\/photography\/photographe-mariage-montpellier\/","og_site_name":"Photographe \/ Graphiste Freelance Montpellier","article_publisher":"http:\/\/www.facebook.com\/olivierdarockphotography","article_modified_time":"2020-01-07T11:45:19+00:00","og_image":[{"width":1200,"height":801,"url":"https:\/\/www.olivierdarock.com\/photography\/wp-content\/uploads\/2017\/12\/Mariage-10.jpg","type":"image\/jpeg"}],"twitter_card":"summary_large_image","schema":{"@context":"https:\/\/schema.org","@graph":[{"@type":"WebPage","@id":"https:\/\/www.olivierdarock.com\/photography\/photographe-mariage-montpellier\/","url":"https:\/\/www.olivierdarock.com\/photography\/photographe-mariage-montpellier\/","name":"Photographe de mariage sur Montpellier et sa r\u00e9gion - H\u00e9rault - France","isPartOf":{"@id":"https:\/\/www.olivierdarock.com\/photography\/#website"},"datePublished":"2017-12-11T22:09:08+00:00","dateModified":"2020-01-07T11:45:19+00:00","description":"Photographe de mariage \u00e0 Montpellier et partout en France. Olivier Darock saura immortaliser le plus beau jour de votre vie...","breadcrumb":{"@id":"https:\/\/www.olivierdarock.com\/photography\/photographe-mariage-montpellier\/#breadcrumb"},"inLanguage":"fr-FR","potentialAction":[{"@type":"ReadAction","target":["https:\/\/www.olivierdarock.com\/photography\/photographe-mariage-montpellier\/"]}]},{"@type":"BreadcrumbList","@id":"https:\/\/www.olivierdarock.com\/photography\/photographe-mariage-montpellier\/#breadcrumb","itemListElement":[{"@type":"ListItem","position":1,"name":"Accueil","item":"https:\/\/www.olivierdarock.com\/photography\/"},{"@type":"ListItem","position":2,"name":"Photographe-mariage-Montpellier"}]},{"@type":"WebSite","@id":"https:\/\/www.olivierdarock.com\/photography\/#website","url":"https:\/\/www.olivierdarock.com\/photography\/","name":"Photographe \/ Graphiste Freelance Montpellier","description":"Photographe \/ Graphiste Freelance Montpellier","potentialAction":[{"@type":"SearchAction","target":{"@type":"EntryPoint","urlTemplate":"https:\/\/www.olivierdarock.com\/photography\/?s={search_term_string}"},"query-input":"required name=search_term_string"}],"inLanguage":"fr-FR"}]}},"amp_enabled":false,"_links":{"self":[{"href":"https:\/\/www.olivierdarock.com\/photography\/wp-json\/wp\/v2\/pages\/3955","targetHints":{"allow":["GET"]}}],"collection":[{"href":"https:\/\/www.olivierdarock.com\/photography\/wp-json\/wp\/v2\/pages"}],"about":[{"href":"https:\/\/www.olivierdarock.com\/photography\/wp-json\/wp\/v2\/types\/page"}],"author":[{"embeddable":true,"href":"https:\/\/www.olivierdarock.com\/photography\/wp-json\/wp\/v2\/users\/1"}],"replies":[{"embeddable":true,"href":"https:\/\/www.olivierdarock.com\/photography\/wp-json\/wp\/v2\/comments?post=3955"}],"version-history":[{"count":4,"href":"https:\/\/www.olivierdarock.com\/photography\/wp-json\/wp\/v2\/pages\/3955\/revisions"}],"predecessor-version":[{"id":5209,"href":"https:\/\/www.olivierdarock.com\/photography\/wp-json\/wp\/v2\/pages\/3955\/revisions\/5209"}],"wp:featuredmedia":[{"embeddable":true,"href":"https:\/\/www.olivierdarock.com\/photography\/wp-json\/wp\/v2\/media\/4101"}],"wp:attachment":[{"href":"https:\/\/www.olivierdarock.com\/photography\/wp-json\/wp\/v2\/media?parent=3955"}],"curies":[{"name":"wp","href":"https:\/\/api.w.org\/{rel}","templated":true}]}}